{"id":1463,"date":"2022-11-11T22:16:51","date_gmt":"2022-11-11T22:16:51","guid":{"rendered":"https:\/\/reservxpert.com\/booking\/?post_type=product&#038;p=1463"},"modified":"2022-12-06T04:01:42","modified_gmt":"2022-12-06T04:01:42","slug":"boreal-cottage","status":"publish","type":"product","link":"https:\/\/reservxpert.com\/booking\/fr\/produit\/boreal-cottage\/","title":{"rendered":"Chalet Boreal"},"content":{"rendered":"<p>Superbe Cottage situ\u00e9 au bord du Lac Bleu dans Lanaudi\u00e8re pouvant accueillir confortablement des groupes de 2 \u00e0 6 personnes.<br \/>\nComprend : Cuisine, salle de bain avec douche eau chaude, 2 chambres pour accueillir les occupants, salon, v\u00e9randa avec moustiquaires.<\/p>\n<p><em><strong>ReservXpert<\/strong><\/em>\u00a0est fier de vous offrir ce chaleureux et luxueux chalet qui a tout pour profiter pleinement de vos vacances en famille ou entre amis.<\/p>\n<p><strong>Arriv\u00e9e:<\/strong> 15H00<br \/>\n<strong>D\u00e9part:<\/strong> 12H00<\/p>\n<p><strong>Commodit\u00e9s\u00a0:<\/strong><\/p>\n<ul>\n<li>3 lits doubles et literie fournis;<\/li>\n<li>Accessoires complets de cuisine;<\/li>\n<li>Salle de bain avec douche eau chaude;<\/li>\n<li>Cuisini\u00e8re et r\u00e9frig\u00e9rateur au propane;<\/li>\n<li>Po\u00eale \u00e0 bois;<\/li>\n<li>BBQ au propane;<\/li>\n<li>Panneau solaire;<\/li>\n<li>Table de pique-nique et feu de camp.<\/li>\n<\/ul>","protected":false},"excerpt":{"rendered":"<p><strong>Capacit\u00e9:<\/strong> 2-6 personnes (minimum 1 adulte)<br \/>\n<strong>S\u00e9jour Min-Max :<\/strong> 2-6 nuits<\/p>\n<p><strong>Adultes:<\/strong> $100 \/jour (jours de semaine)<br \/>\n+10% week-end (vendredi, samedi)<\/p>\n<p><strong>Adolescents:<\/strong> $40 \/jour<br \/>\n<strong>Enfants:<\/strong> Gratuit<\/p>\n<p><strong>Co\u00fbts suppl\u00e9mentaires:<\/strong><br \/>\n<strong>Taxe de s\u00e9jour\u00a0:<\/strong> $2 \/personne \/jour<br \/>\n<strong>Frais de nettoyage:<\/strong> $30<\/p>\n<p><strong>Services:<\/strong><br \/>\n<strong>Climatisation:<\/strong> $5<br \/>\n<strong>Wifi:<\/strong> $3<\/p>","protected":false},"featured_media":1469,"comment_status":"open","ping_status":"closed","template":"","meta":{"_crdt_document":"","inline_featured_image":false},"product_brand":[],"product_cat":[36],"product_tag":[],"class_list":{"0":"post-1463","1":"product","2":"type-product","3":"status-publish","4":"has-post-thumbnail","6":"product_cat-cottages","7":"yith_booking_service-air-conditioning","8":"yith_booking_service-wifi","10":"first","11":"instock","12":"virtual","13":"sold-individually","14":"taxable","15":"purchasable","16":"product-type-booking"},"_links":{"self":[{"href":"https:\/\/reservxpert.com\/booking\/fr\/wp-json\/wp\/v2\/product\/1463","targetHints":{"allow":["GET"]}}],"collection":[{"href":"https:\/\/reservxpert.com\/booking\/fr\/wp-json\/wp\/v2\/product"}],"about":[{"href":"https:\/\/reservxpert.com\/booking\/fr\/wp-json\/wp\/v2\/types\/product"}],"replies":[{"embeddable":true,"href":"https:\/\/reservxpert.com\/booking\/fr\/wp-json\/wp\/v2\/comments?post=1463"}],"wp:featuredmedia":[{"embeddable":true,"href":"https:\/\/reservxpert.com\/booking\/fr\/wp-json\/wp\/v2\/media\/1469"}],"wp:attachment":[{"href":"https:\/\/reservxpert.com\/booking\/fr\/wp-json\/wp\/v2\/media?parent=1463"}],"wp:term":[{"taxonomy":"product_brand","embeddable":true,"href":"https:\/\/reservxpert.com\/booking\/fr\/wp-json\/wp\/v2\/product_brand?post=1463"},{"taxonomy":"product_cat","embeddable":true,"href":"https:\/\/reservxpert.com\/booking\/fr\/wp-json\/wp\/v2\/product_cat?post=1463"},{"taxonomy":"product_tag","embeddable":true,"href":"https:\/\/reservxpert.com\/booking\/fr\/wp-json\/wp\/v2\/product_tag?post=1463"}],"curies":[{"name":"wp","href":"https:\/\/api.w.org\/{rel}","templated":true}]}}