{"id":1533,"date":"2022-11-14T07:57:30","date_gmt":"2022-11-14T07:57:30","guid":{"rendered":"https:\/\/reservxpert.com\/booking\/?post_type=product&#038;p=1533"},"modified":"2022-12-06T00:42:20","modified_gmt":"2022-12-06T00:42:20","slug":"faucon-cottage","status":"publish","type":"product","link":"https:\/\/reservxpert.com\/booking\/fr\/produit\/faucon-cottage\/","title":{"rendered":"Chalet du Faucon"},"content":{"rendered":"<h3><span style=\"color: #ff0000;\">Ce Chalet fixe une configuration tarifaire diff\u00e9rente :<\/span><\/h3>\n<p>Chalet neuf situ\u00e9 au bord du lac Canard dans Lanaudi\u00e8re pouvant accueillir confortablement des groupes de 3 \u00e0 6 personnes.<br \/>\nComprend : Cuisine, salle de bain avec douche eau chaude, 2 chambres pour accueillir les occupants, salon, v\u00e9randa avec moustiquaires.<\/p>\n<p>ReservXpert est fier de vous offrir ce chalet chaleureux et luxueux qui a tout ce dont vous avez besoin pour profiter pleinement de vos vacances en famille ou entre amis.<\/p>\n<p><strong>Arriv\u00e9e:<\/strong> 15H00<br \/>\n<strong>D\u00e9part:<\/strong> 12H00<\/p>\n<h4>Le forfait comprend\u00a0:<\/h4>\n<ul>\n<li><span class=\"HwtZe\" lang=\"en\"><span class=\"jCAhz ChMk0b\"><span class=\"ryNqvb\">H\u00e9bergement avec literie<\/span><\/span><\/span><\/li>\n<li><span class=\"HwtZe\" lang=\"en\"><span class=\"jCAhz ChMk0b\"><span class=\"ryNqvb\">Petit d\u00e9jeuner \u2013 d\u00e9jeuner \u2013 d\u00eener 4 services<\/span><\/span><\/span><\/li>\n<li><span class=\"HwtZe\" lang=\"en\"><span class=\"jCAhz ChMk0b\"><span class=\"ryNqvb\">Droits de p\u00eache<\/span><\/span><\/span><\/li>\n<li><span class=\"HwtZe\" lang=\"en\"><span class=\"jCAhz ChMk0b\"><span class=\"ryNqvb\">Bateau, moteur et essence<\/span><\/span><\/span><\/li>\n<li><span class=\"HwtZe\" lang=\"en\"><span class=\"jCAhz ChMk0b\"><span class=\"ryNqvb\">Transport au lac avec voiturette de golf<\/span><\/span><\/span><\/li>\n<li><span class=\"HwtZe\" lang=\"en\"><span class=\"jCAhz ChMk0b\"><span class=\"ryNqvb\">Quota de 10 truites r\u00e9guli\u00e8res par permis<\/span><\/span><\/span><\/li>\n<li><span class=\"HwtZe\" lang=\"en\"><span class=\"jCAhz ChMk0b\"><span class=\"ryNqvb\">\u00c9visc\u00e9ration du poisson<\/span><\/span><\/span><\/li>\n<\/ul>\n<h4>Commodit\u00e9s\u00a0:<\/h4>\n<ul>\n<li>3 lits doubles et literie fournis;<\/li>\n<li>Accessoires complets de cuisine;<\/li>\n<li>Salle de bain avec douche eau chaude;<\/li>\n<li>Cuisini\u00e8re et r\u00e9frig\u00e9rateur au propane;<\/li>\n<li>Po\u00eale \u00e0 bois;<\/li>\n<li>BBQ au propane;<\/li>\n<li>Panneau solaire;<\/li>\n<li>Table de pique-nique et feu de camp.<\/li>\n<\/ul>","protected":false},"excerpt":{"rendered":"<p>Le Forfait Am\u00e9ricain 2 jours<br \/>\nCapacity: 3-6 people<br \/>\ns\u00e9jour de 2 nuits<\/p>\n<p>Prix \u200b\u200bde base: <strong>$250<\/strong>\u00a0\/personne<br \/>\n<em>+10 % week-end (vendredi, samedi)<\/em><\/p>\n<p><strong>Services:<\/strong><br \/>\n<strong>Climatisation:<\/strong> $5<br \/>\n<strong>Wifi:<\/strong> $3<\/p>","protected":false},"featured_media":1472,"comment_status":"open","ping_status":"closed","template":"","meta":{"_crdt_document":"","inline_featured_image":false},"product_brand":[],"product_cat":[36],"product_tag":[],"class_list":{"0":"post-1533","1":"product","2":"type-product","3":"status-publish","4":"has-post-thumbnail","6":"product_cat-cottages","7":"yith_booking_service-air-conditioning","8":"yith_booking_service-wifi","10":"first","11":"instock","12":"virtual","13":"sold-individually","14":"taxable","15":"purchasable","16":"product-type-booking"},"_links":{"self":[{"href":"https:\/\/reservxpert.com\/booking\/fr\/wp-json\/wp\/v2\/product\/1533","targetHints":{"allow":["GET"]}}],"collection":[{"href":"https:\/\/reservxpert.com\/booking\/fr\/wp-json\/wp\/v2\/product"}],"about":[{"href":"https:\/\/reservxpert.com\/booking\/fr\/wp-json\/wp\/v2\/types\/product"}],"replies":[{"embeddable":true,"href":"https:\/\/reservxpert.com\/booking\/fr\/wp-json\/wp\/v2\/comments?post=1533"}],"wp:featuredmedia":[{"embeddable":true,"href":"https:\/\/reservxpert.com\/booking\/fr\/wp-json\/wp\/v2\/media\/1472"}],"wp:attachment":[{"href":"https:\/\/reservxpert.com\/booking\/fr\/wp-json\/wp\/v2\/media?parent=1533"}],"wp:term":[{"taxonomy":"product_brand","embeddable":true,"href":"https:\/\/reservxpert.com\/booking\/fr\/wp-json\/wp\/v2\/product_brand?post=1533"},{"taxonomy":"product_cat","embeddable":true,"href":"https:\/\/reservxpert.com\/booking\/fr\/wp-json\/wp\/v2\/product_cat?post=1533"},{"taxonomy":"product_tag","embeddable":true,"href":"https:\/\/reservxpert.com\/booking\/fr\/wp-json\/wp\/v2\/product_tag?post=1533"}],"curies":[{"name":"wp","href":"https:\/\/api.w.org\/{rel}","templated":true}]}}