{"id":69,"date":"2022-11-13T11:41:19","date_gmt":"2022-11-13T11:41:19","guid":{"rendered":"https:\/\/plugins.yithemes.com\/yith-woocommerce-booking-apartment-new\/?post_type=product&#038;p=69"},"modified":"2022-12-06T03:55:07","modified_gmt":"2022-12-06T03:55:07","slug":"bec-scie-cottage","status":"publish","type":"product","link":"https:\/\/reservxpert.com\/booking\/fr\/produit\/bec-scie-cottage\/","title":{"rendered":"Chalet Bec-scie"},"content":{"rendered":"<h3><span style=\"color: #ff0000;\">Ce Chalet fixe une configuration tarifaire diff\u00e9rente :<\/span><\/h3>\n<p>Superbe Chalet situ\u00e9 au bord du lac LaBaie dans Lanaudi\u00e8re pouvant accueillir confortablement des groupes de 1 \u00e0 6 personnes.<br \/>\nComprend : Cuisine, salle de bain avec douche eau chaude, 2 chambres pour accueillir les occupants, salon, v\u00e9randa avec moustiquaires.<\/p>\n<p>ReservXpert est fier de vous offrir ce chalet chaleureux et luxueux qui a tout ce dont vous avez besoin pour profiter pleinement de vos vacances en famille ou entre amis.<\/p>\n<p><strong>Arriv\u00e9e:<\/strong> 15H00<br \/>\n<strong>D\u00e9part:<\/strong> 12H00<\/p>\n<h4>Commodit\u00e9s\u00a0:<\/h4>\n<ul>\n<li>3 lits doubles et literie fournis;<\/li>\n<li>Accessoires complets de cuisine;<\/li>\n<li>Salle de bain avec douche eau chaude;<\/li>\n<li>Cuisini\u00e8re et r\u00e9frig\u00e9rateur au propane;<\/li>\n<li>Po\u00eale \u00e0 bois;<\/li>\n<li>BBQ au propane;<\/li>\n<li>Panneau solaire;<\/li>\n<li>Table de pique-nique et feu de camp.<\/li>\n<\/ul>","protected":false},"excerpt":{"rendered":"<p>Capacit\u00e9 : 1 \u00e0 6 personnes<br \/>\nS\u00e9jour Min-Max : 2-6 nuits<\/p>\n<p>Prix \u200b\u200bde base: <strong>$200 <\/strong><em>\/jour<\/em><br \/>\nPersonnes suppl\u00e9mentaires (au-del\u00e0 de 2): <strong>30 $ chacun<\/strong><em> \/jour<br \/>\n+10 % week-end (vendredi, samedi)<br \/>\n-10 % de r\u00e9duction sur les r\u00e9servations de derni\u00e8re minute (1 jour avant)<\/em><\/p>\n<p><strong>Veuillez s\u00e9lectionner \u00e0 des fins de r\u00e9servation\u00a0:<\/strong><br \/>\nAdultes, adolescents, enfants et\/ou seniors (60+)<\/p>\n<p><strong>Services:<\/strong><br \/>\n<strong>Climatisation:<\/strong> $5<br \/>\n<strong>Wifi:<\/strong> $3<\/p>","protected":false},"featured_media":1471,"comment_status":"open","ping_status":"closed","template":"","meta":{"_crdt_document":"","inline_featured_image":false},"product_brand":[],"product_cat":[36],"product_tag":[],"class_list":{"0":"post-69","1":"product","2":"type-product","3":"status-publish","4":"has-post-thumbnail","6":"product_cat-cottages","7":"yith_booking_service-air-conditioning","8":"yith_booking_service-wifi","10":"first","11":"instock","12":"virtual","13":"sold-individually","14":"taxable","15":"purchasable","16":"product-type-booking"},"_links":{"self":[{"href":"https:\/\/reservxpert.com\/booking\/fr\/wp-json\/wp\/v2\/product\/69","targetHints":{"allow":["GET"]}}],"collection":[{"href":"https:\/\/reservxpert.com\/booking\/fr\/wp-json\/wp\/v2\/product"}],"about":[{"href":"https:\/\/reservxpert.com\/booking\/fr\/wp-json\/wp\/v2\/types\/product"}],"replies":[{"embeddable":true,"href":"https:\/\/reservxpert.com\/booking\/fr\/wp-json\/wp\/v2\/comments?post=69"}],"wp:featuredmedia":[{"embeddable":true,"href":"https:\/\/reservxpert.com\/booking\/fr\/wp-json\/wp\/v2\/media\/1471"}],"wp:attachment":[{"href":"https:\/\/reservxpert.com\/booking\/fr\/wp-json\/wp\/v2\/media?parent=69"}],"wp:term":[{"taxonomy":"product_brand","embeddable":true,"href":"https:\/\/reservxpert.com\/booking\/fr\/wp-json\/wp\/v2\/product_brand?post=69"},{"taxonomy":"product_cat","embeddable":true,"href":"https:\/\/reservxpert.com\/booking\/fr\/wp-json\/wp\/v2\/product_cat?post=69"},{"taxonomy":"product_tag","embeddable":true,"href":"https:\/\/reservxpert.com\/booking\/fr\/wp-json\/wp\/v2\/product_tag?post=69"}],"curies":[{"name":"wp","href":"https:\/\/api.w.org\/{rel}","templated":true}]}}