{"id":85,"date":"2019-03-12T12:24:23","date_gmt":"2019-03-12T12:24:23","guid":{"rendered":"https:\/\/plugins.yithemes.com\/yith-woocommerce-booking-apartment-new\/?post_type=product&#038;p=85"},"modified":"2022-12-06T05:19:01","modified_gmt":"2022-12-06T05:19:01","slug":"sydney-hostel","status":"publish","type":"product","link":"https:\/\/reservxpert.com\/booking\/fr\/produit\/sydney-hostel\/","title":{"rendered":"Auberge de Sydney"},"content":{"rendered":"","protected":false},"excerpt":{"rendered":"<p>Une merveilleuse auberge de luxe au centre de Sydney.<\/p>\n<p><span style=\"color: #17a6a6;\">Dans cette auberge, nous avons fix\u00e9 un prix de 30\u00a0$\/jour + un tarif de base de 5\u00a0$ par personne.<br \/>\nL'auberge dispose de 30 lits, il n'est donc possible de r\u00e9server que pour 30 personnes maximum.<br \/>\nChaque invit\u00e9 est compt\u00e9 comme une r\u00e9servation distincte.<\/span><\/p>\n<p>Capacit\u00e9 max : <strong>30<\/strong><br \/>\nPrix par invit\u00e9 : <strong>30 $<\/strong> <em>\/jour<br \/>\n<\/em>Frais de base\u00a0: <strong>5 $<\/strong> <em>\/personne<br \/>\nJours de week-end (vendredi, samedi):\u00a0<strong>+10<\/strong><\/em><strong> %<\/strong><em> (sur le prix par invit\u00e9 uniquement)<\/em><em><br \/>\n<\/em><\/p>\n<h3><\/h3>\n<p>&nbsp;<\/p>\n<p>&nbsp;<\/p>","protected":false},"featured_media":344,"comment_status":"open","ping_status":"closed","template":"","meta":{"_crdt_document":"","inline_featured_image":false},"product_brand":[],"product_cat":[38],"product_tag":[],"class_list":{"0":"post-85","1":"product","2":"type-product","3":"status-publish","4":"has-post-thumbnail","6":"product_cat-luxurious-lodging","8":"first","9":"instock","10":"virtual","11":"sold-individually","12":"taxable","13":"purchasable","14":"product-type-booking"},"_links":{"self":[{"href":"https:\/\/reservxpert.com\/booking\/fr\/wp-json\/wp\/v2\/product\/85","targetHints":{"allow":["GET"]}}],"collection":[{"href":"https:\/\/reservxpert.com\/booking\/fr\/wp-json\/wp\/v2\/product"}],"about":[{"href":"https:\/\/reservxpert.com\/booking\/fr\/wp-json\/wp\/v2\/types\/product"}],"replies":[{"embeddable":true,"href":"https:\/\/reservxpert.com\/booking\/fr\/wp-json\/wp\/v2\/comments?post=85"}],"wp:featuredmedia":[{"embeddable":true,"href":"https:\/\/reservxpert.com\/booking\/fr\/wp-json\/wp\/v2\/media\/344"}],"wp:attachment":[{"href":"https:\/\/reservxpert.com\/booking\/fr\/wp-json\/wp\/v2\/media?parent=85"}],"wp:term":[{"taxonomy":"product_brand","embeddable":true,"href":"https:\/\/reservxpert.com\/booking\/fr\/wp-json\/wp\/v2\/product_brand?post=85"},{"taxonomy":"product_cat","embeddable":true,"href":"https:\/\/reservxpert.com\/booking\/fr\/wp-json\/wp\/v2\/product_cat?post=85"},{"taxonomy":"product_tag","embeddable":true,"href":"https:\/\/reservxpert.com\/booking\/fr\/wp-json\/wp\/v2\/product_tag?post=85"}],"curies":[{"name":"wp","href":"https:\/\/api.w.org\/{rel}","templated":true}]}}