{"id":53820,"date":"2018-04-20T12:00:29","date_gmt":"2018-04-20T16:00:29","guid":{"rendered":"https:\/\/reservxpert.com\/boutique\/?page_id=53820"},"modified":"2022-11-18T03:37:41","modified_gmt":"2022-11-18T08:37:41","slug":"terms-and-conditions","status":"publish","type":"page","link":"https:\/\/reservxpert.com\/boutique\/fr\/terms-and-conditions\/","title":{"rendered":"Termes et Conditions"},"content":{"rendered":"<p>[et_pb_section fb_built=&#8221;1&#8243; admin_label=&#8221;Contact Us&#8221; _builder_version=&#8221;3.22&#8243; background_color=&#8221;#bbbbbb&#8221; background_blend=&#8221;color&#8221; custom_padding=&#8221;100px|0px|100px|0px&#8221; collapsed=&#8221;off&#8221;][et_pb_row make_equal=&#8221;on&#8221; module_class=&#8221; et_pb_row_fullwidth&#8221; _builder_version=&#8221;3.25&#8243; background_size=&#8221;initial&#8221; background_position=&#8221;top_left&#8221; background_repeat=&#8221;repeat&#8221; width=&#8221;89%&#8221; width_tablet=&#8221;80%&#8221; width_phone=&#8221;&#8221; width_last_edited=&#8221;on|desktop&#8221; max_width=&#8221;89%&#8221; max_width_tablet=&#8221;80%&#8221; max_width_phone=&#8221;&#8221; max_width_last_edited=&#8221;on|desktop&#8221; custom_margin=&#8221;|||&#8221; custom_padding=&#8221;|||&#8221; border_radii=&#8221;on|0px|0px|0px|0px&#8221; border_color_all=&#8221;#1f1f1f&#8221; make_fullwidth=&#8221;on&#8221; custom_width_px=&#8221;1280px&#8221;][et_pb_column type=&#8221;4_4&#8243; _builder_version=&#8221;3.25&#8243; background_color=&#8221;#1f1f1f&#8221; custom_padding=&#8221;100px|5%|40px|5%&#8221; custom_padding__hover=&#8221;|||&#8221;][et_pb_text admin_label=&#8221;Titre&#8221; _builder_version=&#8221;3.27.4&#8243; text_font=&#8221;Playfair Display||||&#8221; text_text_color=&#8221;#ffffff&#8221; text_font_size=&#8221;30px&#8221; text_line_height=&#8221;1.3em&#8221; background_size=&#8221;initial&#8221; background_position=&#8221;top_left&#8221; background_repeat=&#8221;repeat&#8221; text_orientation=&#8221;center&#8221; background_layout=&#8221;dark&#8221; max_width=&#8221;400px&#8221; module_alignment=&#8221;center&#8221;]<\/p>\n<h2>Termes et condition<\/h2>\n<p>[\/et_pb_text][et_pb_divider show_divider=&#8221;off&#8221; disabled_on=&#8221;on|on|off&#8221; _builder_version=&#8221;3.2&#8243; max_width=&#8221;100px&#8221; module_alignment=&#8221;center&#8221; height=&#8221;2px&#8221; custom_margin=&#8221;|||&#8221; custom_padding=&#8221;|||&#8221; animation_style=&#8221;zoom&#8221; animation_intensity_zoom=&#8221;20%&#8221;]&nbsp;<br \/>\n[\/et_pb_divider][et_pb_text admin_label=&#8221;D\u00e9tail des termes et conditions&#8221; _builder_version=&#8221;4.4.6&#8243; text_font=&#8221;Montserrat||||&#8221; text_text_color=&#8221;#ffffff&#8221; text_font_size=&#8221;15px&#8221; text_letter_spacing=&#8221;1px&#8221; text_line_height=&#8221;1.9em&#8221; background_size=&#8221;initial&#8221; background_position=&#8221;top_left&#8221; background_repeat=&#8221;repeat&#8221; module_alignment=&#8221;center&#8221; custom_margin=&#8221;12px||12px|&#8221; animation_style=&#8221;zoom&#8221; animation_intensity_zoom=&#8221;20%&#8221; hover_enabled=&#8221;0&#8243;]<\/p>\n<ul>\n<li>Le d\u00e9lais de production est environ de 10 jours ouvrable.<\/li>\n<li>Pour les masques personnalis\u00e9s, le d\u00e9lais de production est environ de 14 jours ouvrable.<\/li>\n<li>Pour les commandes en ligne ainsi que les produits de protection (covid-19) le paiement complet doit \u00eatre acquit\u00e9.<\/li>\n<li>Vous devez fournir votre logo dans les bons formats sinon des frais de graphiste s&#8217;appliqueront.<\/li>\n<li>Vous \u00eates responsables de nous fournir un logo ou image dont vous \u00eates autoris\u00e9 \u00e0 utiliser. Nous nous d\u00e9gageons de toutes responsabilit\u00e9s li\u00e9es aux droits d&#8217;auteurs.<\/li>\n<li>Un visuel vous sera envoy\u00e9 par courriel pour approbation de votre commande.<\/li>\n<li>Le temps de production commencera apr\u00e8s r\u00e9ception :\n<ul>\n<li>de confirmation du visuel;<\/li>\n<li>d&#8217;un d\u00e9p\u00f4t de 50% de la valeur de votre commande est requise;<\/li>\n<li>pour les commandes en ligne le paiement complet doit \u00eatre aquit\u00e9.<\/li>\n<\/ul>\n<\/li>\n<li>Broderie et troph\u00e9e des Patriotes se d\u00e9gage de toutes erreurs d&#8217;impression une fois l&#8217;\u00e9preuve approuv\u00e9e.<\/li>\n<\/ul>\n<p>[\/et_pb_text][et_pb_divider show_divider=&#8221;off&#8221; disabled_on=&#8221;on|on|off&#8221; _builder_version=&#8221;3.2&#8243; max_width=&#8221;400px&#8221; module_alignment=&#8221;center&#8221; height=&#8221;50px&#8221; custom_margin=&#8221;50px|||&#8221; custom_padding=&#8221;|||&#8221; animation_style=&#8221;zoom&#8221; animation_intensity_zoom=&#8221;20%&#8221;]&nbsp;<br \/>\n[\/et_pb_divider][\/et_pb_column][\/et_pb_row][\/et_pb_section][et_pb_section fb_built=&#8221;1&#8243; _builder_version=&#8221;3.22&#8243; background_color=&#8221;#1e1d1c&#8221; custom_margin=&#8221;0px||0px|&#8221; custom_padding=&#8221;0px||0px|&#8221;][et_pb_row _builder_version=&#8221;3.25&#8243;][et_pb_column type=&#8221;4_4&#8243; _builder_version=&#8221;3.25&#8243; custom_padding=&#8221;|||&#8221; custom_padding__hover=&#8221;|||&#8221;][et_pb_text admin_label=&#8221;SEO Footer&#8221; _builder_version=&#8221;3.27.4&#8243; custom_margin=&#8221;|||&#8221; custom_padding=&#8221;100px|||&#8221;]<\/p>\n<p style=\"text-align: center; font-size: 10px;\">Broderie des Patriotes &#8211; Broderie &#8211; S\u00e9rigraphie &#8211; Imprim\u00e9s &#8211; Sublim\u00e9s &#8211; Sublimation &#8211; Articles Promotionnels &#8211; Objets Promotionnels &#8211; Services &#8211; R\u00e9alisations &#8211; T\u00e9moignages &#8211; St-Denis &#8211; Richelieu &#8211; St-Denis-sur-Richelieu &#8211; Vall\u00e9e-du-Richelieu &#8211; Mont\u00e9r\u00e9gie &#8211; Province du Qu\u00e9bec<\/p>\n<p>[\/et_pb_text][\/et_pb_column][\/et_pb_row][\/et_pb_section]<\/p>\n","protected":false},"excerpt":{"rendered":"<p>Termes et condition &nbsp; Le d\u00e9lais de production est environ de 10 jours ouvrable. Pour les masques personnalis\u00e9s, le d\u00e9lais de production est environ de 14 jours ouvrable. Pour les commandes en ligne ainsi que les produits de protection (covid-19) le paiement complet doit \u00eatre acquit\u00e9. Vous devez fournir votre logo dans les bons formats [&hellip;]<\/p>\n","protected":false},"author":2,"featured_media":0,"parent":0,"menu_order":0,"comment_status":"closed","ping_status":"closed","template":"","meta":{"_et_pb_use_builder":"on","_et_pb_old_content":"","_et_gb_content_width":"","footnotes":""},"class_list":["post-53820","page","type-page","status-publish","hentry"],"_links":{"self":[{"href":"https:\/\/reservxpert.com\/boutique\/fr\/wp-json\/wp\/v2\/pages\/53820","targetHints":{"allow":["GET"]}}],"collection":[{"href":"https:\/\/reservxpert.com\/boutique\/fr\/wp-json\/wp\/v2\/pages"}],"about":[{"href":"https:\/\/reservxpert.com\/boutique\/fr\/wp-json\/wp\/v2\/types\/page"}],"author":[{"embeddable":true,"href":"https:\/\/reservxpert.com\/boutique\/fr\/wp-json\/wp\/v2\/users\/2"}],"replies":[{"embeddable":true,"href":"https:\/\/reservxpert.com\/boutique\/fr\/wp-json\/wp\/v2\/comments?post=53820"}],"version-history":[{"count":5,"href":"https:\/\/reservxpert.com\/boutique\/fr\/wp-json\/wp\/v2\/pages\/53820\/revisions"}],"predecessor-version":[{"id":56463,"href":"https:\/\/reservxpert.com\/boutique\/fr\/wp-json\/wp\/v2\/pages\/53820\/revisions\/56463"}],"wp:attachment":[{"href":"https:\/\/reservxpert.com\/boutique\/fr\/wp-json\/wp\/v2\/media?parent=53820"}],"curies":[{"name":"wp","href":"https:\/\/api.w.org\/{rel}","templated":true}]}}