{"id":54072,"date":"2018-04-30T12:40:59","date_gmt":"2018-04-30T16:40:59","guid":{"rendered":"https:\/\/reservxpert.com\/boutique\/?page_id=54072"},"modified":"2022-11-18T03:35:20","modified_gmt":"2022-11-18T08:35:20","slug":"sitemap","status":"publish","type":"page","link":"https:\/\/reservxpert.com\/boutique\/fr\/sitemap\/","title":{"rendered":"Plan du site"},"content":{"rendered":"<p>[et_pb_section fb_built=&#8221;1&#8243; admin_label=&#8221;Termes et conditions&#8221; _builder_version=&#8221;3.2&#8243; background_color=&#8221;rgba(0,0,0,0.85)&#8221; parallax=&#8221;on&#8221; parallax_method=&#8221;off&#8221; custom_padding=&#8221;100px|0px|100px|0px&#8221; collapsed=&#8221;off&#8221;][et_pb_row make_fullwidth=&#8221;on&#8221; custom_width_px=&#8221;1280px&#8221; custom_padding=&#8221;||0px|&#8221; custom_margin=&#8221;|||&#8221; make_equal=&#8221;on&#8221; background_color_2=&#8221;#1f1f1f&#8221; padding_top_1=&#8221;100px&#8221; padding_top_2=&#8221;100px&#8221; padding_right_1=&#8221;5%&#8221; padding_right_2=&#8221;5%&#8221; padding_bottom_1=&#8221;40px&#8221; padding_bottom_2=&#8221;100px&#8221; padding_left_1=&#8221;5%&#8221; padding_left_2=&#8221;5%&#8221; _builder_version=&#8221;3.2&#8243; background_color=&#8221;#ffffff&#8221; background_size=&#8221;initial&#8221; background_position=&#8221;top_left&#8221; background_repeat=&#8221;repeat&#8221; border_radii=&#8221;on|0px|0px|0px|0px&#8221; border_color_all=&#8221;#1f1f1f&#8221;][et_pb_column type=&#8221;4_4&#8243; _builder_version=&#8221;3.0.47&#8243; padding_bottom=&#8221;40px&#8221; padding_left=&#8221;5%&#8221; padding_right=&#8221;5%&#8221; padding_top=&#8221;100px&#8221; parallax=&#8221;off&#8221; parallax_method=&#8221;on&#8221;][et_pb_text admin_label=&#8221;Titre&#8221; _builder_version=&#8221;3.2&#8243; text_font=&#8221;Playfair Display||||&#8221; text_text_color=&#8221;#000000&#8243; text_font_size=&#8221;30px&#8221; text_line_height=&#8221;1.3em&#8221; background_size=&#8221;initial&#8221; background_position=&#8221;top_left&#8221; background_repeat=&#8221;repeat&#8221; text_orientation=&#8221;center&#8221; max_width=&#8221;400px&#8221; module_alignment=&#8221;center&#8221;]<\/p>\n<h2>Plan du site<\/h2>\n<p>[\/et_pb_text][et_pb_divider color=&#8221;#aacb49&#8243; divider_weight=&#8221;2px&#8221; height=&#8221;2px&#8221; disabled_on=&#8221;on|on|off&#8221; _builder_version=&#8221;3.2&#8243; max_width=&#8221;100px&#8221; module_alignment=&#8221;center&#8221; custom_margin=&#8221;|||&#8221; custom_padding=&#8221;|||&#8221; animation_style=&#8221;zoom&#8221; animation_intensity_zoom=&#8221;20%&#8221;]&nbsp;<br \/>\n[\/et_pb_divider][\/et_pb_column][\/et_pb_row][et_pb_row make_fullwidth=&#8221;on&#8221; custom_width_px=&#8221;1280px&#8221; custom_padding=&#8221;0px|||&#8221; custom_margin=&#8221;|||&#8221; make_equal=&#8221;on&#8221; background_color_2=&#8221;#ffffff&#8221; padding_bottom_2=&#8221;40px&#8221; _builder_version=&#8221;3.2&#8243; background_color=&#8221;#ffffff&#8221; background_size=&#8221;initial&#8221; background_position=&#8221;top_left&#8221; background_repeat=&#8221;repeat&#8221; border_radii=&#8221;on|0px|0px|0px|0px&#8221; border_color_all=&#8221;#1f1f1f&#8221;][et_pb_column type=&#8221;1_3&#8243; _builder_version=&#8221;3.0.47&#8243; parallax=&#8221;off&#8221; parallax_method=&#8221;on&#8221;][\/et_pb_column][et_pb_column type=&#8221;1_3&#8243; _builder_version=&#8221;3.0.47&#8243; padding_bottom=&#8221;40px&#8221; background_color=&#8221;#ffffff&#8221; parallax=&#8221;off&#8221; parallax_method=&#8221;on&#8221;][et_pb_text admin_label=&#8221;Simple Sitemap Shortcode&#8221; _builder_version=&#8221;3.6&#8243; text_font=&#8221;||||||||&#8221; background_color=&#8221;#ffffff&#8221; custom_padding=&#8221;50px|||50px&#8221;]<div id=\"simple-sitemap-container-69df3b74b14a3\" class=\"simple-sitemap-container simple-sitemap-container-69df3b74b14a3 tab-disabled\"><div class=\"simple-sitemap-wrap\"><h3 class=\"post-type\">Pages<\/h3><ul class=\"simple-sitemap-page main\"><li class=\"sitemap-item page_item page-item-52403\"><a href=\"https:\/\/reservxpert.com\/boutique\/fr\/cart\/\">Cart<\/a><\/li>\n<li class=\"sitemap-item page_item page-item-52404\"><a href=\"https:\/\/reservxpert.com\/boutique\/fr\/checkout\/\">Checkout<\/a><\/li>\n<li class=\"sitemap-item page_item page-item-56384\"><a href=\"https:\/\/reservxpert.com\/boutique\/fr\/compare\/\">Compare<\/a><\/li>\n<li class=\"sitemap-item page_item page-item-56172\"><a href=\"https:\/\/reservxpert.com\/boutique\/fr\/contact\/\">Contact<\/a><\/li>\n<li class=\"sitemap-item page_item page-item-56161\"><a href=\"https:\/\/reservxpert.com\/boutique\/fr\/\">Home<\/a><\/li>\n<li class=\"sitemap-item page_item page-item-52405\"><a href=\"https:\/\/reservxpert.com\/boutique\/fr\/my-account\/\">My Account<\/a><\/li>\n<li class=\"sitemap-item page_item page-item-55541\"><a href=\"https:\/\/reservxpert.com\/boutique\/fr\/privacy-policy\/\">Privacy policy<\/a><\/li>\n<li class=\"sitemap-item page_item page-item-52402\"><a href=\"https:\/\/reservxpert.com\/boutique\/fr\/shop\/\">Shop<\/a><\/li>\n<li class=\"sitemap-item page_item page-item-54072\"><a href=\"https:\/\/reservxpert.com\/boutique\/fr\/sitemap\/\">Sitemap<\/a><\/li>\n<li class=\"sitemap-item page_item page-item-53820\"><a href=\"https:\/\/reservxpert.com\/boutique\/fr\/terms-and-conditions\/\">Terms and Conditions<\/a><\/li>\n<li class=\"sitemap-item page_item page-item-56142\"><a href=\"https:\/\/reservxpert.com\/boutique\/fr\/wishlist\/\">Wish list<\/a><\/li>\n<\/ul><\/div><\/div><br style=\"clear: both;\"><br \/>\n[\/et_pb_text][et_pb_divider color=&#8221;#aacb49&#8243; divider_weight=&#8221;2px&#8221; height=&#8221;50px&#8221; disabled_on=&#8221;on|on|off&#8221; _builder_version=&#8221;3.2&#8243; max_width=&#8221;400px&#8221; module_alignment=&#8221;center&#8221; custom_margin=&#8221;50px|||&#8221; custom_padding=&#8221;|||&#8221; animation_style=&#8221;zoom&#8221; animation_intensity_zoom=&#8221;20%&#8221;]&nbsp;<br \/>\n[\/et_pb_divider][\/et_pb_column][et_pb_column type=&#8221;1_3&#8243; _builder_version=&#8221;3.0.47&#8243; parallax=&#8221;off&#8221; parallax_method=&#8221;on&#8221;][\/et_pb_column][\/et_pb_row][\/et_pb_section][et_pb_section fb_built=&#8221;1&#8243; _builder_version=&#8221;3.0.106&#8243; background_color=&#8221;#1e1d1c&#8221; custom_margin=&#8221;0px||0px|&#8221; custom_padding=&#8221;0px||0px|&#8221;][et_pb_row _builder_version=&#8221;3.0.96&#8243;][et_pb_column type=&#8221;4_4&#8243; _builder_version=&#8221;3.0.47&#8243; parallax=&#8221;off&#8221; parallax_method=&#8221;on&#8221;][et_pb_text admin_label=&#8221;SEO Footer&#8221; _builder_version=&#8221;3.2&#8243; custom_margin=&#8221;|||&#8221; custom_padding=&#8221;100px|||&#8221;]<\/p>\n<p style=\"text-align: center; font-size: 10px;\">Plan du site &#8211; Broderie des Patriotes &#8211; Broderie et troph\u00e9e des Patriotes &#8211; Accueil &#8211; \u00c0 propos &#8211; Services &#8211; Broderie &#8211; S\u00e9rigraphie &#8211; Imprim\u00e9s &#8211; Sublim\u00e9s &#8211; Articles Promotionnels &#8211; Gravures &#8211; R\u00e9alisations &#8211; Troph\u00e9es &#8211; M\u00e9dailles &#8211; Plaques &#8211; FAQ &#8211; Contact &#8211; Termes et conditions &#8211; St-Denis &#8211; Richelieu &#8211; St-Denis-sur-Richelieu &#8211; Vall\u00e9e-du-Richelieu &#8211; Mont\u00e9r\u00e9gie &#8211; Province du Qu\u00e9bec<\/p>\n<p>[\/et_pb_text][\/et_pb_column][\/et_pb_row][\/et_pb_section]<\/p>\n","protected":false},"excerpt":{"rendered":"<p>Plan du site &nbsp; <div id=\"simple-sitemap-container-69df3b74bf8e1\" class=\"simple-sitemap-container simple-sitemap-container-69df3b74bf8e1 tab-disabled\"><div class=\"simple-sitemap-wrap\"><h3 class=\"post-type\">Pages<\/h3><ul class=\"simple-sitemap-page main\"><li class=\"sitemap-item page_item page-item-52403\"><a href=\"https:\/\/reservxpert.com\/boutique\/fr\/cart\/\">Cart<\/a><\/li>\n<li class=\"sitemap-item page_item page-item-52404\"><a href=\"https:\/\/reservxpert.com\/boutique\/fr\/checkout\/\">Checkout<\/a><\/li>\n<li class=\"sitemap-item page_item page-item-56384\"><a href=\"https:\/\/reservxpert.com\/boutique\/fr\/compare\/\">Compare<\/a><\/li>\n<li class=\"sitemap-item page_item page-item-56172\"><a href=\"https:\/\/reservxpert.com\/boutique\/fr\/contact\/\">Contact<\/a><\/li>\n<li class=\"sitemap-item page_item page-item-56161\"><a href=\"https:\/\/reservxpert.com\/boutique\/fr\/\">Home<\/a><\/li>\n<li class=\"sitemap-item page_item page-item-52405\"><a href=\"https:\/\/reservxpert.com\/boutique\/fr\/my-account\/\">My Account<\/a><\/li>\n<li class=\"sitemap-item page_item page-item-55541\"><a href=\"https:\/\/reservxpert.com\/boutique\/fr\/privacy-policy\/\">Privacy policy<\/a><\/li>\n<li class=\"sitemap-item page_item page-item-52402\"><a href=\"https:\/\/reservxpert.com\/boutique\/fr\/shop\/\">Shop<\/a><\/li>\n<li class=\"sitemap-item page_item page-item-54072\"><a href=\"https:\/\/reservxpert.com\/boutique\/fr\/sitemap\/\">Sitemap<\/a><\/li>\n<li class=\"sitemap-item page_item page-item-53820\"><a href=\"https:\/\/reservxpert.com\/boutique\/fr\/terms-and-conditions\/\">Terms and Conditions<\/a><\/li>\n<li class=\"sitemap-item page_item page-item-56142\"><a href=\"https:\/\/reservxpert.com\/boutique\/fr\/wishlist\/\">Wish list<\/a><\/li>\n<\/ul><\/div><\/div><br style=\"clear: both;\"> &nbsp; Plan du site &#8211; Broderie des Patriotes &#8211; Broderie et troph\u00e9e des Patriotes &#8211; Accueil &#8211; \u00c0 propos &#8211; Services &#8211; Broderie &#8211; S\u00e9rigraphie &#8211; Imprim\u00e9s &#8211; Sublim\u00e9s &#8211; Articles Promotionnels &#8211; Gravures &#8211; R\u00e9alisations &#8211; Troph\u00e9es &#8211; M\u00e9dailles &#8211; Plaques &#8211; FAQ &#8211; Contact &#8211; Termes et conditions [&hellip;]<\/p>\n","protected":false},"author":2,"featured_media":0,"parent":0,"menu_order":0,"comment_status":"closed","ping_status":"closed","template":"","meta":{"_et_pb_use_builder":"on","_et_pb_old_content":"","_et_gb_content_width":"","footnotes":""},"class_list":["post-54072","page","type-page","status-publish","hentry"],"_links":{"self":[{"href":"https:\/\/reservxpert.com\/boutique\/fr\/wp-json\/wp\/v2\/pages\/54072","targetHints":{"allow":["GET"]}}],"collection":[{"href":"https:\/\/reservxpert.com\/boutique\/fr\/wp-json\/wp\/v2\/pages"}],"about":[{"href":"https:\/\/reservxpert.com\/boutique\/fr\/wp-json\/wp\/v2\/types\/page"}],"author":[{"embeddable":true,"href":"https:\/\/reservxpert.com\/boutique\/fr\/wp-json\/wp\/v2\/users\/2"}],"replies":[{"embeddable":true,"href":"https:\/\/reservxpert.com\/boutique\/fr\/wp-json\/wp\/v2\/comments?post=54072"}],"version-history":[{"count":1,"href":"https:\/\/reservxpert.com\/boutique\/fr\/wp-json\/wp\/v2\/pages\/54072\/revisions"}],"predecessor-version":[{"id":56460,"href":"https:\/\/reservxpert.com\/boutique\/fr\/wp-json\/wp\/v2\/pages\/54072\/revisions\/56460"}],"wp:attachment":[{"href":"https:\/\/reservxpert.com\/boutique\/fr\/wp-json\/wp\/v2\/media?parent=54072"}],"curies":[{"name":"wp","href":"https:\/\/api.w.org\/{rel}","templated":true}]}}