{"id":56161,"date":"2018-09-30T17:32:29","date_gmt":"2018-09-30T17:32:29","guid":{"rendered":"https:\/\/royalcommerce.divilifebugs.com\/?page_id=19"},"modified":"2022-11-18T06:20:32","modified_gmt":"2022-11-18T11:20:32","slug":"home","status":"publish","type":"page","link":"https:\/\/reservxpert.com\/boutique\/fr\/","title":{"rendered":"Home"},"content":{"rendered":"<p>[et_pb_section fb_built=&#8221;1&#8243; fullwidth=&#8221;on&#8221; admin_label=&#8221;Section&#8221; _builder_version=&#8221;4.16&#8243; global_colors_info=&#8221;{}&#8221;][et_pb_fullwidth_slider use_bg_overlay=&#8221;on&#8221; bg_overlay_color=&#8221;#000000&#8243; disabled_on=&#8221;off|off|off&#8221; admin_label=&#8221;Hero Image or Slider&#8221; _builder_version=&#8221;4.19.1&#8243; header_level=&#8221;h1&#8243; header_font=&#8221;|on||on|&#8221; header_font_size=&#8221;40px&#8221; body_font=&#8221;|on||on|&#8221; body_font_size=&#8221;83&#8243; body_line_height=&#8221;1.2em&#8221; custom_button=&#8221;on&#8221; button_text_size=&#8221;14&#8243; button_text_color=&#8221;#ffffff&#8221; button_border_width=&#8221;1&#8243; button_border_color=&#8221;rgba(0,0,0,0)&#8221; button_font=&#8221;|on||on|&#8221; button_use_icon=&#8221;off&#8221; custom_padding=&#8221;|||&#8221; custom_padding_tablet=&#8221;|||&#8221; custom_padding_phone=&#8221;|||&#8221; box_shadow_style=&#8221;preset6&#8243; box_shadow_blur=&#8221;10px&#8221; box_shadow_color=&#8221;rgba(0,0,0,0.1)&#8221; remove_inner_shadow=&#8221;off&#8221; hide_content_on_mobile=&#8221;off&#8221; hide_cta_on_mobile=&#8221;off&#8221; show_inner_shadow=&#8221;on&#8221; button_border_radius_hover=&#8221;0&#8243; button_letter_spacing_hover=&#8221;0&#8243; global_colors_info=&#8221;{}&#8221; button_text_size__hover_enabled=&#8221;off&#8221; button_one_text_size__hover_enabled=&#8221;off&#8221; button_two_text_size__hover_enabled=&#8221;off&#8221; button_text_color__hover_enabled=&#8221;off&#8221; button_one_text_color__hover_enabled=&#8221;off&#8221; button_two_text_color__hover_enabled=&#8221;off&#8221; button_border_width__hover_enabled=&#8221;off&#8221; button_one_border_width__hover_enabled=&#8221;off&#8221; button_two_border_width__hover_enabled=&#8221;off&#8221; button_border_color__hover_enabled=&#8221;off&#8221; button_one_border_color__hover_enabled=&#8221;off&#8221; button_two_border_color__hover_enabled=&#8221;off&#8221; button_border_radius__hover_enabled=&#8221;on&#8221; button_border_radius__hover=&#8221;0&#8243; button_one_border_radius__hover_enabled=&#8221;off&#8221; button_two_border_radius__hover_enabled=&#8221;off&#8221; button_letter_spacing__hover_enabled=&#8221;on&#8221; button_letter_spacing__hover=&#8221;0&#8243; button_one_letter_spacing__hover_enabled=&#8221;off&#8221; button_two_letter_spacing__hover_enabled=&#8221;off&#8221; button_bg_color__hover_enabled=&#8221;off&#8221; button_one_bg_color__hover_enabled=&#8221;off&#8221; button_two_bg_color__hover_enabled=&#8221;off&#8221;][et_pb_slide heading=&#8221;ReservXpert Online Shop&#8221; button_text=&#8221;Visit our shop now !&#8221; button_link=&#8221;\/boutique\/&#8221; use_bg_overlay=&#8221;on&#8221; bg_overlay_color=&#8221;rgba(25,25,25,0.36)&#8221; use_text_overlay=&#8221;off&#8221; admin_title=&#8221;Bienvenue header&#8221; _builder_version=&#8221;4.19.1&#8243; header_level=&#8221;h2&#8243; header_font=&#8221;||||&#8221; body_font=&#8221;||||&#8221; background_color=&#8221;#ffffff&#8221; background_image=&#8221;https:\/\/reservxpert.com\/boutique\/wp-content\/uploads\/sites\/14\/2020\/08\/Header-Background.jpg&#8221; background_enable_image=&#8221;on&#8221; button_icon_placement=&#8221;right&#8221; button_on_hover=&#8221;on&#8221; global_colors_info=&#8221;{}&#8221; button_text_size__hover_enabled=&#8221;off&#8221; button_one_text_size__hover_enabled=&#8221;off&#8221; button_two_text_size__hover_enabled=&#8221;off&#8221; button_text_color__hover_enabled=&#8221;off&#8221; button_one_text_color__hover_enabled=&#8221;off&#8221; button_two_text_color__hover_enabled=&#8221;off&#8221; button_border_width__hover_enabled=&#8221;off&#8221; button_one_border_width__hover_enabled=&#8221;off&#8221; button_two_border_width__hover_enabled=&#8221;off&#8221; button_border_color__hover_enabled=&#8221;off&#8221; button_one_border_color__hover_enabled=&#8221;off&#8221; button_two_border_color__hover_enabled=&#8221;off&#8221; button_border_radius__hover_enabled=&#8221;off&#8221; button_one_border_radius__hover_enabled=&#8221;off&#8221; button_two_border_radius__hover_enabled=&#8221;off&#8221; button_letter_spacing__hover_enabled=&#8221;off&#8221; button_one_letter_spacing__hover_enabled=&#8221;off&#8221; button_two_letter_spacing__hover_enabled=&#8221;off&#8221; button_bg_color__hover_enabled=&#8221;off&#8221; button_one_bg_color__hover_enabled=&#8221;off&#8221; button_two_bg_color__hover_enabled=&#8221;off&#8221; sticky_transition=&#8221;on&#8221;]<\/p>\n<h2>Clothing and Fashion accessories&#8230;<\/h2>\n<p>[\/et_pb_slide][\/et_pb_fullwidth_slider][\/et_pb_section][et_pb_section fb_built=&#8221;1&#8243; admin_label=&#8221;Section&#8221; _builder_version=&#8221;4.16&#8243; background_color=&#8221;#ffffff&#8221; custom_padding=&#8221;0px||0px|&#8221; custom_padding_tablet=&#8221;0px||0px|&#8221; custom_css_main_element=&#8221;border-bottom: solid 1px #e1e1e1;&#8221; transparent_background=&#8221;off&#8221; padding_mobile=&#8221;on&#8221; make_fullwidth=&#8221;off&#8221; use_custom_width=&#8221;off&#8221; width_unit=&#8221;on&#8221; global_colors_info=&#8221;{}&#8221;][et_pb_row column_structure=&#8221;1_4,1_4,1_4,1_4&#8243; admin_label=&#8221;Row&#8221; _builder_version=&#8221;4.16&#8243; background_size=&#8221;initial&#8221; background_position=&#8221;top_left&#8221; background_repeat=&#8221;repeat&#8221; global_colors_info=&#8221;{}&#8221;][et_pb_column type=&#8221;1_4&#8243; _builder_version=&#8221;4.16&#8243; custom_padding=&#8221;|||&#8221; global_colors_info=&#8221;{}&#8221; custom_padding__hover=&#8221;|||&#8221;][et_pb_blurb title=&#8221;Satisfaction guaranteed&#8221; use_icon=&#8221;on&#8221; font_icon=&#8221;&#xe0dd;||divi||400&#8243; icon_color=&#8221;#333333&#8243; icon_placement=&#8221;left&#8221; admin_label=&#8221;Benefit Blurb 1&#8243; _builder_version=&#8221;4.19.1&#8243; header_font=&#8221;|on||on|&#8221; header_font_size=&#8221;12&#8243; body_font=&#8221;|on||on|&#8221; body_text_color=&#8221;#898989&#8243; body_font_size=&#8221;12&#8243; body_line_height=&#8221;1em&#8221; background_size=&#8221;initial&#8221; background_position=&#8221;top_left&#8221; background_repeat=&#8221;repeat&#8221; text_orientation=&#8221;center&#8221; animation=&#8221;off&#8221; use_border_color=&#8221;off&#8221; border_color=&#8221;#ffffff&#8221; border_style=&#8221;solid&#8221; global_colors_info=&#8221;{}&#8221;]<\/p>\n<p>100%<\/p>\n<p>[\/et_pb_blurb][\/et_pb_column][et_pb_column type=&#8221;1_4&#8243; _builder_version=&#8221;4.16&#8243; custom_padding=&#8221;|||&#8221; global_colors_info=&#8221;{}&#8221; custom_padding__hover=&#8221;|||&#8221;][et_pb_blurb title=&#8221;Delivery service&#8221; use_icon=&#8221;on&#8221; font_icon=&#8221;&#xe079;||divi||400&#8243; icon_color=&#8221;#333333&#8243; icon_placement=&#8221;left&#8221; admin_label=&#8221;Benefit Blurb 2&#8243; _builder_version=&#8221;4.19.1&#8243; header_font=&#8221;|on||on|&#8221; header_font_size=&#8221;12&#8243; body_font=&#8221;|on||on|&#8221; body_text_color=&#8221;#898989&#8243; body_font_size=&#8221;12&#8243; body_line_height=&#8221;1em&#8221; background_size=&#8221;initial&#8221; background_position=&#8221;top_left&#8221; background_repeat=&#8221;repeat&#8221; text_orientation=&#8221;center&#8221; animation=&#8221;off&#8221; use_border_color=&#8221;off&#8221; border_color=&#8221;#ffffff&#8221; border_style=&#8221;solid&#8221; global_colors_info=&#8221;{}&#8221;]<\/p>\n<p>Carrier of your choice<\/p>\n<p>[\/et_pb_blurb][\/et_pb_column][et_pb_column type=&#8221;1_4&#8243; _builder_version=&#8221;4.16&#8243; custom_padding=&#8221;|||&#8221; global_colors_info=&#8221;{}&#8221; custom_padding__hover=&#8221;|||&#8221;][et_pb_blurb title=&#8221;Online orders&#8221; use_icon=&#8221;on&#8221; font_icon=&#8221;&#xe07a;||divi||400&#8243; icon_color=&#8221;#333333&#8243; icon_placement=&#8221;left&#8221; admin_label=&#8221;Benefit Blurb 3&#8243; _builder_version=&#8221;4.19.1&#8243; header_font=&#8221;|on||on|&#8221; header_font_size=&#8221;12&#8243; body_font=&#8221;|on||on|&#8221; body_text_color=&#8221;#898989&#8243; body_font_size=&#8221;12&#8243; body_line_height=&#8221;1em&#8221; background_size=&#8221;initial&#8221; background_position=&#8221;top_left&#8221; background_repeat=&#8221;repeat&#8221; text_orientation=&#8221;center&#8221; animation=&#8221;off&#8221; use_border_color=&#8221;off&#8221; border_color=&#8221;#ffffff&#8221; border_style=&#8221;solid&#8221; global_colors_info=&#8221;{}&#8221;]<\/p>\n<p>24 \/ 7<\/p>\n<p>[\/et_pb_blurb][\/et_pb_column][et_pb_column type=&#8221;1_4&#8243; _builder_version=&#8221;4.16&#8243; custom_padding=&#8221;|||&#8221; global_colors_info=&#8221;{}&#8221; custom_padding__hover=&#8221;|||&#8221;][et_pb_blurb title=&#8221;Gift cards&#8221; use_icon=&#8221;on&#8221; font_icon=&#8221;&#xe076;||divi||400&#8243; icon_color=&#8221;#333333&#8243; icon_placement=&#8221;left&#8221; admin_label=&#8221;Benefit Blurb 4&#8243; _builder_version=&#8221;4.19.1&#8243; header_font=&#8221;|on||on|&#8221; header_font_size=&#8221;12&#8243; body_font=&#8221;|on||on|&#8221; body_text_color=&#8221;#898989&#8243; body_font_size=&#8221;12&#8243; body_line_height=&#8221;1em&#8221; background_size=&#8221;initial&#8221; background_position=&#8221;top_left&#8221; background_repeat=&#8221;repeat&#8221; text_orientation=&#8221;center&#8221; animation=&#8221;off&#8221; use_border_color=&#8221;off&#8221; border_color=&#8221;#ffffff&#8221; border_style=&#8221;solid&#8221; global_colors_info=&#8221;{}&#8221;]<\/p>\n<p>Available online<\/p>\n<p>[\/et_pb_blurb][\/et_pb_column][\/et_pb_row][\/et_pb_section][et_pb_section fb_built=&#8221;1&#8243; admin_label=&#8221;Section&#8221; _builder_version=&#8221;4.16&#8243; global_colors_info=&#8221;{}&#8221;][et_pb_row column_structure=&#8221;1_4,3_4&#8243; use_custom_gutter=&#8221;on&#8221; gutter_width=&#8221;2&#8243; column_padding_mobile=&#8221;on&#8221; disabled_on=&#8221;off|off|off&#8221; admin_label=&#8221;Row&#8221; _builder_version=&#8221;4.16&#8243; background_size=&#8221;initial&#8221; background_position=&#8221;top_left&#8221; background_repeat=&#8221;repeat&#8221; custom_margin=&#8221;||||false|false&#8221; custom_padding=&#8221;||||false|false&#8221; make_fullwidth=&#8221;off&#8221; use_custom_width=&#8221;off&#8221; width_unit=&#8221;on&#8221; global_colors_info=&#8221;{}&#8221;][et_pb_column type=&#8221;1_4&#8243; _builder_version=&#8221;4.16&#8243; custom_padding=&#8221;0px|0px|0px|&#8221; global_colors_info=&#8221;{}&#8221; custom_padding__hover=&#8221;|||&#8221;][et_pb_cta button_url=&#8221;https:\/\/reservxpert.com\/boutique\/en\/categorie-produit\/clothing\/&#8221; button_text=&#8221;SHOP NOW!&#8221; disabled_on=&#8221;off|off|off&#8221; admin_label=&#8221;Banni\u00e8re Cat\u00e9gorie: Accessoires d&#8217;hygi\u00e8ne&#8221; _builder_version=&#8221;4.19.1&#8243; header_font=&#8221;|on||on|&#8221; header_font_size=&#8221;30&#8243; body_font=&#8221;|on|||&#8221; use_background_color=&#8221;off&#8221; background_image=&#8221;https:\/\/reservxpert.com\/boutique\/wp-content\/uploads\/sites\/14\/2020\/07\/accessories_v2-2.jpg&#8221; background_size=&#8221;initial&#8221; background_position=&#8221;top_left&#8221; background_repeat=&#8221;repeat&#8221; custom_button=&#8221;on&#8221; button_text_size=&#8221;12&#8243; button_text_color=&#8221;#ffffff&#8221; button_bg_color=&#8221;rgba(25,25,25,0)&#8221; button_border_color=&#8221;#ffffff&#8221; button_font=&#8221;|on|||&#8221; text_orientation=&#8221;left&#8221; custom_margin_last_edited=&#8221;off|desktop&#8221; custom_padding=&#8221;5vw|20px||20px|false|false&#8221; custom_padding_last_edited=&#8221;off|phone&#8221; link_option_url=&#8221;https:\/\/reservxpert.com\/boutique\/en\/categorie-produit\/clothing\/&#8221; hover_enabled=&#8221;0&#8243; header_font_size_tablet=&#8221;26&#8243; header_font_size_phone=&#8221;&#8221; header_font_size_last_edited=&#8221;on|phone&#8221; custom_css_main_element=&#8221; background-size: cover;|| height: 400px;&#8221; custom_css_promo_button=&#8221;margin-top: 15px;&#8221; button_text_color_hover=&#8221;#333333&#8243; button_border_radius_hover=&#8221;0&#8243; button_letter_spacing_hover=&#8221;0&#8243; button_bg_color_hover=&#8221;#ffffff&#8221; use_border_color=&#8221;off&#8221; border_color=&#8221;#ffffff&#8221; border_width=&#8221;2px&#8221; border_style=&#8221;solid&#8221; global_colors_info=&#8221;{}&#8221; button_text_size__hover_enabled=&#8221;off&#8221; button_one_text_size__hover_enabled=&#8221;off&#8221; button_two_text_size__hover_enabled=&#8221;off&#8221; button_text_color__hover_enabled=&#8221;on&#8221; button_text_color__hover=&#8221;#333333&#8243; button_one_text_color__hover_enabled=&#8221;off&#8221; button_two_text_color__hover_enabled=&#8221;off&#8221; button_border_width__hover_enabled=&#8221;off&#8221; button_one_border_width__hover_enabled=&#8221;off&#8221; button_two_border_width__hover_enabled=&#8221;off&#8221; button_border_color__hover_enabled=&#8221;off&#8221; button_one_border_color__hover_enabled=&#8221;off&#8221; button_two_border_color__hover_enabled=&#8221;off&#8221; button_border_radius__hover_enabled=&#8221;on&#8221; button_border_radius__hover=&#8221;0&#8243; button_one_border_radius__hover_enabled=&#8221;off&#8221; button_two_border_radius__hover_enabled=&#8221;off&#8221; button_letter_spacing__hover_enabled=&#8221;on&#8221; button_letter_spacing__hover=&#8221;0&#8243; button_one_letter_spacing__hover_enabled=&#8221;off&#8221; button_two_letter_spacing__hover_enabled=&#8221;off&#8221; button_bg_color__hover_enabled=&#8221;on&#8221; button_bg_color__hover=&#8221;#ffffff&#8221; button_one_bg_color__hover_enabled=&#8221;off&#8221; button_two_bg_color__hover_enabled=&#8221;off&#8221; sticky_enabled=&#8221;0&#8243;]<\/p>\n<h2>Clothing<\/h2>\n<p>Summer fashion !<\/p>\n<p>[\/et_pb_cta][\/et_pb_column][et_pb_column type=&#8221;3_4&#8243; _builder_version=&#8221;4.16&#8243; custom_padding=&#8221;0px||0px|&#8221; global_colors_info=&#8221;{}&#8221; custom_padding__hover=&#8221;|||&#8221;][et_pb_shop type=&#8221;product_category&#8221; posts_number=&#8221;3&#8243; include_categories=&#8221;178&#8243; columns_number=&#8221;3&#8243; orderby=&#8221;menu_order&#8221; hover_icon=&#8221;&#x50;||divi||400&#8243; disabled_on=&#8221;off|off|off&#8221; admin_label=&#8221;Category 1 Products&#8221; module_class=&#8221;gq-portfolio-section&#8221; _builder_version=&#8221;4.19.1&#8243; title_font=&#8221;|on|||&#8221; price_font=&#8221;|on|||&#8221; price_font_size=&#8221;25&#8243; global_colors_info=&#8221;{}&#8221;] [\/et_pb_shop][\/et_pb_column][\/et_pb_row][et_pb_row column_structure=&#8221;3_4,1_4&#8243; use_custom_gutter=&#8221;on&#8221; gutter_width=&#8221;2&#8243; column_padding_mobile=&#8221;on&#8221; disabled_on=&#8221;on|on|&#8221; admin_label=&#8221;Row&#8221; _builder_version=&#8221;4.16&#8243; background_size=&#8221;initial&#8221; background_position=&#8221;top_left&#8221; background_repeat=&#8221;repeat&#8221; custom_margin=&#8221;||||false|false&#8221; custom_padding=&#8221;||||false|false&#8221; make_fullwidth=&#8221;off&#8221; use_custom_width=&#8221;off&#8221; width_unit=&#8221;on&#8221; global_colors_info=&#8221;{}&#8221;][et_pb_column type=&#8221;3_4&#8243; _builder_version=&#8221;4.16&#8243; custom_padding=&#8221;0px|0px|0px|&#8221; global_colors_info=&#8221;{}&#8221; custom_padding__hover=&#8221;|||&#8221;][et_pb_shop type=&#8221;product_category&#8221; posts_number=&#8221;3&#8243; include_categories=&#8221;179&#8243; columns_number=&#8221;3&#8243; orderby=&#8221;menu_order&#8221; hover_icon=&#8221;&#x50;||divi||400&#8243; disabled_on=&#8221;off|off|off&#8221; admin_label=&#8221;Category 2 Products&#8221; module_class=&#8221;gq-portfolio-section&#8221; _builder_version=&#8221;4.19.1&#8243; title_font=&#8221;|on|||&#8221; price_font=&#8221;|on|||&#8221; price_font_size=&#8221;25&#8243; global_colors_info=&#8221;{}&#8221;] [\/et_pb_shop][\/et_pb_column][et_pb_column type=&#8221;1_4&#8243; _builder_version=&#8221;4.16&#8243; custom_padding=&#8221;0px||0px|0px&#8221; global_colors_info=&#8221;{}&#8221; custom_padding__hover=&#8221;|||&#8221;][et_pb_cta title=&#8221;Shoes&#8221; button_url=&#8221;https:\/\/reservxpert.com\/boutique\/en\/categorie-produit\/shoes\/&#8221; button_text=&#8221;VIEW ALL&#8221; disabled_on=&#8221;off|off|off&#8221; admin_label=&#8221;Product Category 2 Banner (Duplicated to Correct Mobile Stacking Order)&#8221; _builder_version=&#8221;4.19.1&#8243; header_font=&#8221;|on||on|&#8221; header_font_size=&#8221;30&#8243; body_font=&#8221;|on|||&#8221; use_background_color=&#8221;off&#8221; background_image=&#8221;https:\/\/reservxpert.com\/boutique\/wp-content\/uploads\/sites\/14\/2020\/07\/shoes_v2-2.jpg&#8221; background_size=&#8221;initial&#8221; background_position=&#8221;top_left&#8221; background_repeat=&#8221;repeat&#8221; custom_button=&#8221;on&#8221; button_text_size=&#8221;12&#8243; button_text_color=&#8221;#ffffff&#8221; button_bg_color=&#8221;rgba(25,25,25,0)&#8221; button_border_color=&#8221;#ffffff&#8221; button_font=&#8221;|on|||&#8221; text_orientation=&#8221;left&#8221; custom_margin_last_edited=&#8221;off|desktop&#8221; custom_padding=&#8221;5vw|20px||20px|false|false&#8221; custom_padding_last_edited=&#8221;off|desktop&#8221; hover_enabled=&#8221;0&#8243; custom_css_main_element=&#8221; background-size: cover;|| height: 400px;&#8221; custom_css_promo_button=&#8221;margin-top: 15px;&#8221; button_text_color_hover=&#8221;#333333&#8243; button_border_radius_hover=&#8221;0&#8243; button_letter_spacing_hover=&#8221;0&#8243; button_bg_color_hover=&#8221;#ffffff&#8221; use_border_color=&#8221;off&#8221; border_color=&#8221;#ffffff&#8221; border_style=&#8221;solid&#8221; global_colors_info=&#8221;{}&#8221; button_text_size__hover_enabled=&#8221;off&#8221; button_one_text_size__hover_enabled=&#8221;off&#8221; button_two_text_size__hover_enabled=&#8221;off&#8221; button_text_color__hover_enabled=&#8221;on&#8221; button_text_color__hover=&#8221;#333333&#8243; button_one_text_color__hover_enabled=&#8221;off&#8221; button_two_text_color__hover_enabled=&#8221;off&#8221; button_border_width__hover_enabled=&#8221;off&#8221; button_one_border_width__hover_enabled=&#8221;off&#8221; button_two_border_width__hover_enabled=&#8221;off&#8221; button_border_color__hover_enabled=&#8221;off&#8221; button_one_border_color__hover_enabled=&#8221;off&#8221; button_two_border_color__hover_enabled=&#8221;off&#8221; button_border_radius__hover_enabled=&#8221;on&#8221; button_border_radius__hover=&#8221;0&#8243; button_one_border_radius__hover_enabled=&#8221;off&#8221; button_two_border_radius__hover_enabled=&#8221;off&#8221; button_letter_spacing__hover_enabled=&#8221;on&#8221; button_letter_spacing__hover=&#8221;0&#8243; button_one_letter_spacing__hover_enabled=&#8221;off&#8221; button_two_letter_spacing__hover_enabled=&#8221;off&#8221; button_bg_color__hover_enabled=&#8221;on&#8221; button_bg_color__hover=&#8221;#ffffff&#8221; button_one_bg_color__hover_enabled=&#8221;off&#8221; button_two_bg_color__hover_enabled=&#8221;off&#8221; link_option_url=&#8221;https:\/\/reservxpert.com\/boutique\/en\/categorie-produit\/shoes\/&#8221; sticky_enabled=&#8221;0&#8243;]<\/p>\n<p>View our summer line of men and women&#8217;s shoes.<\/p>\n<p>[\/et_pb_cta][\/et_pb_column][\/et_pb_row][et_pb_row column_structure=&#8221;1_4,3_4&#8243; use_custom_gutter=&#8221;on&#8221; gutter_width=&#8221;2&#8243; column_padding_mobile=&#8221;on&#8221; disabled_on=&#8221;off|off|off&#8221; admin_label=&#8221;(Above Row Duplicated to Correct Mobile Stacking Order)&#8221; _builder_version=&#8221;4.19.1&#8243; background_size=&#8221;initial&#8221; background_position=&#8221;top_left&#8221; background_repeat=&#8221;repeat&#8221; custom_margin=&#8221;||||false|false&#8221; custom_padding=&#8221;||||false|false&#8221; make_fullwidth=&#8221;off&#8221; use_custom_width=&#8221;off&#8221; width_unit=&#8221;on&#8221; collapsed=&#8221;on&#8221; global_colors_info=&#8221;{}&#8221;][et_pb_column type=&#8221;1_4&#8243; _builder_version=&#8221;4.16&#8243; custom_padding=&#8221;0px|0px|0px|&#8221; global_colors_info=&#8221;{}&#8221; custom_padding__hover=&#8221;|||&#8221;][et_pb_cta button_url=&#8221;https:\/\/reservxpert.com\/boutique\/en\/categorie-produit\/accessories\/&#8221; button_text=&#8221;VIEW MORE&#8230;&#8221; disabled_on=&#8221;off|off|off&#8221; admin_label=&#8221;Banni\u00e8re Cat\u00e9gorie: Gravures au Laser&#8221; _builder_version=&#8221;4.19.1&#8243; header_font=&#8221;|on||on|&#8221; header_text_color=&#8221;#FFFFFF&#8221; header_font_size=&#8221;30&#8243; body_font=&#8221;|on|||&#8221; use_background_color=&#8221;off&#8221; background_image=&#8221;https:\/\/reservxpert.com\/boutique\/wp-content\/uploads\/sites\/14\/2022\/11\/Accessories-01.jpg&#8221; background_size=&#8221;initial&#8221; background_position=&#8221;top_left&#8221; background_repeat=&#8221;repeat&#8221; custom_button=&#8221;on&#8221; button_text_size=&#8221;12&#8243; button_text_color=&#8221;#FFFFFF&#8221; button_bg_color=&#8221;rgba(25,25,25,0)&#8221; button_border_color=&#8221;#ffffff&#8221; button_font=&#8221;|on|||&#8221; text_orientation=&#8221;left&#8221; custom_margin_last_edited=&#8221;off|desktop&#8221; custom_padding=&#8221;10vw|20px||20px|false|false&#8221; custom_padding_last_edited=&#8221;off|desktop&#8221; link_option_url=&#8221;https:\/\/reservxpert.com\/boutique\/en\/categorie-produit\/accessories\/&#8221; hover_enabled=&#8221;0&#8243; custom_css_main_element=&#8221; background-size: cover;|| height: 400px;&#8221; custom_css_promo_button=&#8221;margin-top: 15px;&#8221; button_text_color_hover=&#8221;#333333&#8243; button_border_radius_hover=&#8221;0&#8243; button_letter_spacing_hover=&#8221;0&#8243; button_bg_color_hover=&#8221;#ffffff&#8221; use_border_color=&#8221;off&#8221; border_color=&#8221;#ffffff&#8221; border_style=&#8221;solid&#8221; global_colors_info=&#8221;{}&#8221; button_text_size__hover_enabled=&#8221;off&#8221; button_one_text_size__hover_enabled=&#8221;off&#8221; button_two_text_size__hover_enabled=&#8221;off&#8221; button_text_color__hover_enabled=&#8221;on&#8221; button_text_color__hover=&#8221;#333333&#8243; button_one_text_color__hover_enabled=&#8221;off&#8221; button_two_text_color__hover_enabled=&#8221;off&#8221; button_border_width__hover_enabled=&#8221;off&#8221; button_one_border_width__hover_enabled=&#8221;off&#8221; button_two_border_width__hover_enabled=&#8221;off&#8221; button_border_color__hover_enabled=&#8221;off&#8221; button_one_border_color__hover_enabled=&#8221;off&#8221; button_two_border_color__hover_enabled=&#8221;off&#8221; button_border_radius__hover_enabled=&#8221;on&#8221; button_border_radius__hover=&#8221;0&#8243; button_one_border_radius__hover_enabled=&#8221;off&#8221; button_two_border_radius__hover_enabled=&#8221;off&#8221; button_letter_spacing__hover_enabled=&#8221;on&#8221; button_letter_spacing__hover=&#8221;0&#8243; button_one_letter_spacing__hover_enabled=&#8221;off&#8221; button_two_letter_spacing__hover_enabled=&#8221;off&#8221; button_bg_color__hover_enabled=&#8221;on&#8221; button_bg_color__hover=&#8221;#ffffff&#8221; button_one_bg_color__hover_enabled=&#8221;off&#8221; button_two_bg_color__hover_enabled=&#8221;off&#8221; sticky_enabled=&#8221;0&#8243;]<\/p>\n<h2><span style=\"color: #ffffff;\">Accessories<\/span><\/h2>\n<p><span style=\"color: #ffffff;\">Ready to wear<\/span><\/p>\n<p>[\/et_pb_cta][\/et_pb_column][et_pb_column type=&#8221;3_4&#8243; _builder_version=&#8221;4.16&#8243; custom_padding=&#8221;0px||0px|0px&#8221; global_colors_info=&#8221;{}&#8221; custom_padding__hover=&#8221;|||&#8221;][et_pb_shop type=&#8221;product_category&#8221; posts_number=&#8221;3&#8243; include_categories=&#8221;177&#8243; columns_number=&#8221;3&#8243; orderby=&#8221;menu_order&#8221; hover_icon=&#8221;&#x50;||divi||400&#8243; disabled_on=&#8221;off|off|off&#8221; admin_label=&#8221;Category 2 Products (Duplicated to Correct Mobile Stacking Order)&#8221; module_class=&#8221;gq-portfolio-section&#8221; _builder_version=&#8221;4.19.1&#8243; title_font=&#8221;|on|||&#8221; price_font=&#8221;|on|||&#8221; price_font_size=&#8221;25&#8243; global_colors_info=&#8221;{}&#8221;] [\/et_pb_shop][\/et_pb_column][\/et_pb_row][\/et_pb_section]<\/p>\n","protected":false},"excerpt":{"rendered":"<p>Clothing and Fashion accessories&#8230;100%Carrier of your choice24 \/ 7Available onlineClothing Summer fashion ! View our summer line of men and women&#8217;s shoes.Accessories Ready to wear<\/p>","protected":false},"author":24,"featured_media":0,"parent":0,"menu_order":0,"comment_status":"closed","ping_status":"closed","template":"","meta":{"_et_pb_use_builder":"on","_et_pb_old_content":"","_et_gb_content_width":"","footnotes":""},"class_list":["post-56161","page","type-page","status-publish","hentry"],"_links":{"self":[{"href":"https:\/\/reservxpert.com\/boutique\/fr\/wp-json\/wp\/v2\/pages\/56161","targetHints":{"allow":["GET"]}}],"collection":[{"href":"https:\/\/reservxpert.com\/boutique\/fr\/wp-json\/wp\/v2\/pages"}],"about":[{"href":"https:\/\/reservxpert.com\/boutique\/fr\/wp-json\/wp\/v2\/types\/page"}],"author":[{"embeddable":true,"href":"https:\/\/reservxpert.com\/boutique\/fr\/wp-json\/wp\/v2\/users\/24"}],"replies":[{"embeddable":true,"href":"https:\/\/reservxpert.com\/boutique\/fr\/wp-json\/wp\/v2\/comments?post=56161"}],"version-history":[{"count":41,"href":"https:\/\/reservxpert.com\/boutique\/fr\/wp-json\/wp\/v2\/pages\/56161\/revisions"}],"predecessor-version":[{"id":56505,"href":"https:\/\/reservxpert.com\/boutique\/fr\/wp-json\/wp\/v2\/pages\/56161\/revisions\/56505"}],"wp:attachment":[{"href":"https:\/\/reservxpert.com\/boutique\/fr\/wp-json\/wp\/v2\/media?parent=56161"}],"curies":[{"name":"wp","href":"https:\/\/api.w.org\/{rel}","templated":true}]}}