{"id":3,"date":"2020-08-21T07:39:51","date_gmt":"2020-08-21T11:39:51","guid":{"rendered":"https:\/\/reservxpert.com\/formation\/?page_id=3"},"modified":"2020-09-27T23:56:40","modified_gmt":"2020-09-28T03:56:40","slug":"politique-confidentialite","status":"publish","type":"page","link":"https:\/\/reservxpert.com\/formation\/politique-confidentialite\/","title":{"rendered":"Politique de confidentialit\u00e9"},"content":{"rendered":"<p>[et_pb_section fb_built=\u00a0\u00bb1&Prime; _builder_version=\u00a0\u00bb3.22&Prime;][et_pb_row _builder_version=\u00a0\u00bb3.25&Prime; background_size=\u00a0\u00bbinitial\u00a0\u00bb background_position=\u00a0\u00bbtop_left\u00a0\u00bb background_repeat=\u00a0\u00bbrepeat\u00a0\u00bb][et_pb_column type=\u00a0\u00bb4_4&Prime; _builder_version=\u00a0\u00bb3.25&Prime; custom_padding=\u00a0\u00bb|||\u00a0\u00bb custom_padding__hover=\u00a0\u00bb|||\u00a0\u00bb][et_pb_text _builder_version=\u00a0\u00bb4.6.5&Prime; background_size=\u00a0\u00bbinitial\u00a0\u00bb background_position=\u00a0\u00bbtop_left\u00a0\u00bb background_repeat=\u00a0\u00bbrepeat\u00a0\u00bb hover_enabled=\u00a0\u00bb0&Prime; sticky_enabled=\u00a0\u00bb0&Prime;]<\/p>\n<p>\u00c0 propos de notre Politique de Confidentialit\u00e9<\/p>\n<p>ReservXpert reconna\u00eet l\u2019importance de prot\u00e9ger votre vie priv\u00e9e et vos informations personnelles. C\u2019est pourquoi ReservXpert a cr\u00e9\u00e9 cette d\u00e9claration de confidentialit\u00e9 afin de d\u00e9montrer son engagement ferme en ce qui a trait \u00e0 la confidentialit\u00e9 des renseignements personnels fournis par ceux qui visitent, interagissent et utilisent nos services.<\/p>\n<p>ReservXpert respecte votre confidentialit\u00e9 et s\u2019engage \u00e0 ne pas utiliser ni communiquer vos renseignements personnels quels qu\u2019ils soient et \u00e0 qui que ce soit conform\u00e9ment \u00e0 la pr\u00e9sente politique de protection de l\u2019information et la confidentialit\u00e9 et aux standards internationaux dans la collecte et la protection de donn\u00e9es.<\/p>\n<p>Cette politique sera \u00e9valu\u00e9e en permanence et selon les nouvelles technologies, les pratiques commerciales et les besoins de nos clients.<\/p>\n<p>De plus, en tout temps, si vous ne d\u00e9sirez plus recevoir d\u2019informations de notre part, de quelque fa\u00e7on que ce soit, veuillez nous en informer en nous envoyant un courriel \u00e0 contact@optimisationsiteweb.ca en \u00e9crivant \u201cD\u00e9sabonnement\u201d dans le sujet du message OU utilisez simplement le lien \u201cSe d\u00e9sinscrire\u201d qui se trouve \u00e0 la fin de notre infolettre.<\/p>\n<p>Prenez \u00e9galement note que<\/p>\n<ul>\n<li>Avant ou au moment de la collecte des informations personnelles, nous identifierons les finalit\u00e9s pour lesquelles les informations sont collect\u00e9es.<\/li>\n<li>Nous recueillerons et utiliserons des informations personnelles uniquement dans le but d\u2019atteindre les objectifs sp\u00e9cifi\u00e9s par nous et \u00e0 d\u2019autres fins compatibles, sauf si nous obtenons le consentement de l\u2019individu concern\u00e9 ou tel que requis par la loi.<\/li>\n<li>Nous ne conserverons les informations personnelles que le temps n\u00e9cessaire \u00e0 la r\u00e9alisation de ces objectifs.<\/li>\n<li>Nous recueillerons des informations personnelles par des moyens l\u00e9gaux et \u00e9quitables et, le cas \u00e9ch\u00e9ant, avec la connaissance ou le consentement de la personne concern\u00e9e.<\/li>\n<li>Les donn\u00e9es personnelles doivent \u00eatre pertinentes aux fins pour lesquelles elles doivent \u00eatre utilis\u00e9es et, dans la mesure n\u00e9cessaire \u00e0 ces fins, doivent \u00eatre exactes, compl\u00e8tes et \u00e0 jour.<\/li>\n<li>Nous prot\u00e9gerons les renseignements personnels par des mesures de s\u00e9curit\u00e9 raisonnables contre la perte ou le vol, ainsi que l\u2019acc\u00e8s non autoris\u00e9, la divulgation, la copie, l\u2019utilisation ou la modification.<\/li>\n<li>Nous mettrons \u00e0 la disposition des clients des informations sur nos politiques et pratiques relatives \u00e0 la gestion des informations personnelles.<\/li>\n<\/ul>\n<p>&nbsp;<\/p>\n<p>Nous nous engageons \u00e0 mener nos activit\u00e9s conform\u00e9ment \u00e0 ces principes afin de garantir que la confidentialit\u00e9 des renseignements personnels est prot\u00e9g\u00e9e et maintenue.<\/p>\n<p><strong>\u00c9quipe de direction<br \/>ReservXpert<\/strong><br \/><span style=\"color: #3366ff;\"><a style=\"color: #3366ff;\" href=\"mailto:info@oswseo.ca\">support@reservxpert.ca<\/a><\/span><\/p>\n<p>[\/et_pb_text][\/et_pb_column][\/et_pb_row][\/et_pb_section]<\/p>\n","protected":false},"excerpt":{"rendered":"<p>\u00c0 propos de notre Politique de Confidentialit\u00e9 ReservXpert reconna\u00eet l\u2019importance de prot\u00e9ger votre vie priv\u00e9e et vos informations personnelles. C\u2019est pourquoi ReservXpert a cr\u00e9\u00e9 cette d\u00e9claration de confidentialit\u00e9 afin de d\u00e9montrer son engagement ferme en ce qui a trait \u00e0 la confidentialit\u00e9 des renseignements personnels fournis par ceux qui visitent, interagissent et utilisent nos services. [&hellip;]<\/p>\n","protected":false},"author":1,"featured_media":0,"parent":0,"menu_order":0,"comment_status":"closed","ping_status":"closed","template":"","meta":{"_et_pb_use_builder":"on","_et_pb_old_content":"<!-- wp:paragraph -->\n<p>Lorem ipsum dolor sit amet, consectetuer adipiscing elit. Nam cursus. Morbi ut mi. Nullam enim leo, egestas id, condimentum at, laoreet mattis, massa.<\/p>\n<!-- \/wp:paragraph -->\n\n<!-- wp:paragraph -->\n<p>Sed eleifend nonummy diam. Praesent mauris ante, elementum et, bibendum at, posuere sit amet, nibh. Duis tincidunt lectus quis dui viverra vestibulum. Suspendisse vulputate aliquam dui. Nulla elementum dui ut augue. Aliquam vehicula mi at mauris.<\/p>\n<!-- \/wp:paragraph -->\n\n<!-- wp:paragraph -->\n<p>Maecenas placerat, nisl at consequat rhoncus, sem nunc gravida justo, quis eleifend arcu velit quis lacus.<\/p>\n<!-- \/wp:paragraph -->\n\n<!-- wp:paragraph -->\n<p>Morbi magna magna, tincidunt a, mattis non, imperdiet vitae, tellus. Sed odio est, auctor ac, sollicitudin in, consequat vitae, orci. Fusce id felis. Vivamus sollicitudin metus eget eros.<\/p>\n<!-- \/wp:paragraph -->\n\n<!-- wp:paragraph -->\n<p>Pellentesque habitant morbi tristique senectus et netus et malesuada fames ac turpis egestas. In posuere felis nec tortor. Pellentesque faucibus. Ut accumsan ultricies elit. Maecenas at justo id velit placerat molestie.<\/p>\n<!-- \/wp:paragraph -->","_et_gb_content_width":"","footnotes":""},"class_list":["post-3","page","type-page","status-publish","hentry"],"_links":{"self":[{"href":"https:\/\/reservxpert.com\/formation\/wp-json\/wp\/v2\/pages\/3","targetHints":{"allow":["GET"]}}],"collection":[{"href":"https:\/\/reservxpert.com\/formation\/wp-json\/wp\/v2\/pages"}],"about":[{"href":"https:\/\/reservxpert.com\/formation\/wp-json\/wp\/v2\/types\/page"}],"author":[{"embeddable":true,"href":"https:\/\/reservxpert.com\/formation\/wp-json\/wp\/v2\/users\/1"}],"replies":[{"embeddable":true,"href":"https:\/\/reservxpert.com\/formation\/wp-json\/wp\/v2\/comments?post=3"}],"version-history":[{"count":0,"href":"https:\/\/reservxpert.com\/formation\/wp-json\/wp\/v2\/pages\/3\/revisions"}],"wp:attachment":[{"href":"https:\/\/reservxpert.com\/formation\/wp-json\/wp\/v2\/media?parent=3"}],"curies":[{"name":"wp","href":"https:\/\/api.w.org\/{rel}","templated":true}]}}