{"id":577,"date":"2020-09-15T17:59:58","date_gmt":"2020-09-15T21:59:58","guid":{"rendered":"https:\/\/reservxpert.com\/formation\/?page_id=577"},"modified":"2020-09-27T23:02:22","modified_gmt":"2020-09-28T03:02:22","slug":"cours-offerts","status":"publish","type":"page","link":"https:\/\/reservxpert.com\/formation\/cours-offerts\/","title":{"rendered":"Cours offerts"},"content":{"rendered":"<p>[et_pb_section fb_built=\u00a0\u00bb1&Prime; fullwidth=\u00a0\u00bbon\u00a0\u00bb _builder_version=\u00a0\u00bb4.6.1&Prime; _module_preset=\u00a0\u00bbdefault\u00a0\u00bb][et_pb_fullwidth_slider _builder_version=\u00a0\u00bb4.6.4&Prime; _module_preset=\u00a0\u00bbdefault\u00a0\u00bb][et_pb_slide heading=\u00a0\u00bbBallet classique\u00a0\u00bb use_bg_overlay=\u00a0\u00bbon\u00a0\u00bb use_text_overlay=\u00a0\u00bbon\u00a0\u00bb text_overlay_color=\u00a0\u00bbrgba(0,0,0,0.4)\u00a0\u00bb admin_title=\u00a0\u00bbBallet classique\u00a0\u00bb _builder_version=\u00a0\u00bb4.6.4&Prime; _module_preset=\u00a0\u00bbdefault\u00a0\u00bb body_text_align=\u00a0\u00bbcenter\u00a0\u00bb body_text_color=\u00a0\u00bb#ffffff\u00a0\u00bb body_font_size=\u00a0\u00bb18px\u00a0\u00bb background_enable_color=\u00a0\u00bboff\u00a0\u00bb background_image=\u00a0\u00bbhttps:\/\/reservxpert.com\/formation\/wp-content\/uploads\/sites\/10\/2020\/09\/ReservXpert-Dance-school-Ballet-classique-02.jpg\u00a0\u00bb background_enable_image=\u00a0\u00bbon\u00a0\u00bb parallax=\u00a0\u00bbon\u00a0\u00bb parallax_method=\u00a0\u00bboff\u00a0\u00bb sticky_transition=\u00a0\u00bbon\u00a0\u00bb]<\/p>\n<p>Rejoignez notre \u00e9quipe selon le groupe d&rsquo;\u00e2ge.<br \/> Apprenez l\u2019Art avec nos professeurs qualifi\u00e9s.<br \/> Vous avez l\u2019embarras du choix !<\/p>\n<p>[\/et_pb_slide][et_pb_slide heading=\u00a0\u00bbDanse contemporaine\u00a0\u00bb use_bg_overlay=\u00a0\u00bbon\u00a0\u00bb use_text_overlay=\u00a0\u00bbon\u00a0\u00bb text_overlay_color=\u00a0\u00bbrgba(0,0,0,0.4)\u00a0\u00bb admin_title=\u00a0\u00bbDanse contemporaine\u00a0\u00bb _builder_version=\u00a0\u00bb4.6.4&Prime; _module_preset=\u00a0\u00bbdefault\u00a0\u00bb body_text_align=\u00a0\u00bbcenter\u00a0\u00bb body_text_color=\u00a0\u00bb#ffffff\u00a0\u00bb body_font_size=\u00a0\u00bb18px\u00a0\u00bb background_enable_color=\u00a0\u00bboff\u00a0\u00bb background_image=\u00a0\u00bbhttps:\/\/reservxpert.com\/formation\/wp-content\/uploads\/sites\/10\/2020\/09\/ReservXpert-Dance-school-Danse-contemporaine-02.jpg\u00a0\u00bb background_enable_image=\u00a0\u00bbon\u00a0\u00bb sticky_transition=\u00a0\u00bbon\u00a0\u00bb]<\/p>\n<p>Laissez-vous transporter et exprimez les mouvements de votre art !<br \/>Une danse \u00e0 la fois complexe, diff\u00e9rente et gracieuse.<br \/> L\u2019harmonie entre votre physique et psychique.<\/p>\n<p>[\/et_pb_slide][et_pb_slide heading=\u00a0\u00bbHip-Hop\u00a0\u00bb use_bg_overlay=\u00a0\u00bbon\u00a0\u00bb use_text_overlay=\u00a0\u00bbon\u00a0\u00bb text_overlay_color=\u00a0\u00bbrgba(0,0,0,0.4)\u00a0\u00bb admin_title=\u00a0\u00bbHip-Hop\u00a0\u00bb _builder_version=\u00a0\u00bb4.6.4&Prime; _module_preset=\u00a0\u00bbdefault\u00a0\u00bb body_text_align=\u00a0\u00bbcenter\u00a0\u00bb body_text_color=\u00a0\u00bb#ffffff\u00a0\u00bb body_font_size=\u00a0\u00bb18px\u00a0\u00bb background_enable_color=\u00a0\u00bboff\u00a0\u00bb background_image=\u00a0\u00bbhttps:\/\/reservxpert.com\/formation\/wp-content\/uploads\/sites\/10\/2020\/09\/ReservXpert-Dance-school-Hip-Hop-02.jpg\u00a0\u00bb background_enable_image=\u00a0\u00bbon\u00a0\u00bb sticky_transition=\u00a0\u00bbon\u00a0\u00bb]<\/p>\n<p>Essayer un nouveau style de danse.<br \/>Un d\u00e9fi rempli de mouvements compl\u00e8xes et spectaculaires\u2026<br \/>Un sentiment de satisfaction et d\u2019accomplissement !<\/p>\n<p>[\/et_pb_slide][et_pb_slide heading=\u00a0\u00bbPole Dance\u00a0\u00bb use_bg_overlay=\u00a0\u00bbon\u00a0\u00bb use_text_overlay=\u00a0\u00bbon\u00a0\u00bb text_overlay_color=\u00a0\u00bbrgba(0,0,0,0.4)\u00a0\u00bb admin_title=\u00a0\u00bbPole Dance\u00a0\u00bb _builder_version=\u00a0\u00bb4.6.4&Prime; _module_preset=\u00a0\u00bbdefault\u00a0\u00bb body_text_align=\u00a0\u00bbcenter\u00a0\u00bb body_text_color=\u00a0\u00bb#ffffff\u00a0\u00bb body_font_size=\u00a0\u00bb18px\u00a0\u00bb background_enable_color=\u00a0\u00bboff\u00a0\u00bb background_image=\u00a0\u00bbhttps:\/\/reservxpert.com\/formation\/wp-content\/uploads\/sites\/10\/2020\/09\/ReservXpert-Dance-school-Pole-dance-02.jpg\u00a0\u00bb background_enable_image=\u00a0\u00bbon\u00a0\u00bb sticky_transition=\u00a0\u00bbon\u00a0\u00bb]<\/p>\n<p>Un style de danse personnalis\u00e9 et athl\u00e9tique.<br \/> Enseignement de groupe ou cours priv\u00e9.<br \/> Exprimez votre savoir faire !<\/p>\n<p>[\/et_pb_slide][et_pb_slide heading=\u00a0\u00bbBallet moderne\u00a0\u00bb use_bg_overlay=\u00a0\u00bbon\u00a0\u00bb use_text_overlay=\u00a0\u00bbon\u00a0\u00bb text_overlay_color=\u00a0\u00bbrgba(0,0,0,0.4)\u00a0\u00bb admin_title=\u00a0\u00bbBallet moderne\u00a0\u00bb _builder_version=\u00a0\u00bb4.6.4&Prime; _module_preset=\u00a0\u00bbdefault\u00a0\u00bb body_text_align=\u00a0\u00bbcenter\u00a0\u00bb body_text_color=\u00a0\u00bb#ffffff\u00a0\u00bb body_font_size=\u00a0\u00bb18px\u00a0\u00bb background_enable_color=\u00a0\u00bboff\u00a0\u00bb background_image=\u00a0\u00bbhttps:\/\/reservxpert.com\/formation\/wp-content\/uploads\/sites\/10\/2020\/09\/ReservXpert-Dance-school-Ballet-moderne-02.jpg\u00a0\u00bb background_enable_image=\u00a0\u00bbon\u00a0\u00bb sticky_transition=\u00a0\u00bbon\u00a0\u00bb]<\/p>\n<p>Style de danse \u00e9volutive\u2026<br \/>Exprimez votre \u00e9tat d&rsquo;\u00e2me sans g\u00eane.<br \/>Cours priv\u00e9 personnalis\u00e9 avec professionnels qualifi\u00e9s.<\/p>\n<p>[\/et_pb_slide][\/et_pb_fullwidth_slider][\/et_pb_section][et_pb_section fb_built=\u00a0\u00bb1&Prime; _builder_version=\u00a0\u00bb4.6.4&Prime; _module_preset=\u00a0\u00bbdefault\u00a0\u00bb][et_pb_row column_structure=\u00a0\u00bb1_3,1_3,1_3&Prime; _builder_version=\u00a0\u00bb4.6.4&Prime; _module_preset=\u00a0\u00bbdefault\u00a0\u00bb max_width=\u00a0\u00bb1200px\u00a0\u00bb custom_padding=\u00a0\u00bb|10px||10px|false|false\u00a0\u00bb][et_pb_column type=\u00a0\u00bb1_3&Prime; _builder_version=\u00a0\u00bb4.6.4&Prime; _module_preset=\u00a0\u00bbdefault\u00a0\u00bb][et_pb_text _builder_version=\u00a0\u00bb4.6.5&Prime; _module_preset=\u00a0\u00bbdefault\u00a0\u00bb header_2_text_align=\u00a0\u00bbcenter\u00a0\u00bb text_orientation=\u00a0\u00bbcenter\u00a0\u00bb]<\/p>\n<h2>Cours de Ballet classique<\/h2>\n<p>&nbsp;<\/p>\n<p><img loading=\"lazy\" decoding=\"async\" src=\"https:\/\/reservxpert.com\/formation\/wp-content\/uploads\/sites\/10\/2020\/09\/Ballet-Classique-02-300x300.jpg\" width=\"300\" height=\"300\" alt=\"Ballet Classique\" class=\"wp-image-614 alignnone size-medium\" style=\"display: block; margin-left: auto; margin-right: auto;\" \/><\/p>\n<p>&nbsp;<\/p>\n<p>Nous offrons 3 groupes d&rsquo;\u00e2ge pour les cours de ballet classique r\u00e9parti sur 3 sessions sur 4 mois.<\/p>\n<p>Le co\u00fbt des cours sont \u00e0 partir de $15\/mois selon le groupe d&rsquo;\u00e2ge.<\/p>\n<p>[\/et_pb_text][et_pb_button button_url=\u00a0\u00bbhttps:\/\/reservxpert.com\/formation\/product\/ballet-classique\/\u00a0\u00bb button_text=\u00a0\u00bbJe m&rsquo;inscris\u00a0\u00bb button_alignment=\u00a0\u00bbcenter\u00a0\u00bb _builder_version=\u00a0\u00bb4.6.5&Prime; _module_preset=\u00a0\u00bbdefault\u00a0\u00bb custom_button=\u00a0\u00bbon\u00a0\u00bb button_text_color=\u00a0\u00bb#28bf32&Prime; button_bg_color=\u00a0\u00bb#222222&Prime; hover_enabled=\u00a0\u00bb0&Prime; sticky_enabled=\u00a0\u00bb0&Prime;][\/et_pb_button][\/et_pb_column][et_pb_column type=\u00a0\u00bb1_3&Prime; _builder_version=\u00a0\u00bb4.6.4&Prime; _module_preset=\u00a0\u00bbdefault\u00a0\u00bb][et_pb_text _builder_version=\u00a0\u00bb4.6.5&Prime; _module_preset=\u00a0\u00bbdefault\u00a0\u00bb header_2_text_align=\u00a0\u00bbcenter\u00a0\u00bb text_orientation=\u00a0\u00bbcenter\u00a0\u00bb]<\/p>\n<h2>Cours de Hip-Hop<\/h2>\n<p>&nbsp;<\/p>\n<p><img loading=\"lazy\" decoding=\"async\" src=\"https:\/\/reservxpert.com\/formation\/wp-content\/uploads\/sites\/10\/2020\/09\/Hip-Hop-02-300x300.jpg\" width=\"300\" height=\"300\" alt=\"Cours - Hip-Hop\" class=\"wp-image-628 alignnone size-medium\" style=\"display: block; margin-left: auto; margin-right: auto;\" \/><\/p>\n<p>&nbsp;<\/p>\n<p>Offert \u00e0 3 groupes d&rsquo;\u00e2ge pour les cours de hip-hop. Nous avons la demi et pleine session (6 et 12 mois).<\/p>\n<p>Le co\u00fbt des cours sont \u00e0 partir de $15\/mois selon le groupe d&rsquo;\u00e2ge.<\/p>\n<p>[\/et_pb_text][et_pb_button button_url=\u00a0\u00bbhttps:\/\/reservxpert.com\/formation\/product\/hip-hop\/\u00a0\u00bb button_text=\u00a0\u00bbJe m&rsquo;inscris\u00a0\u00bb button_alignment=\u00a0\u00bbcenter\u00a0\u00bb _builder_version=\u00a0\u00bb4.6.5&Prime; _module_preset=\u00a0\u00bbdefault\u00a0\u00bb custom_button=\u00a0\u00bbon\u00a0\u00bb button_text_color=\u00a0\u00bb#28bf32&Prime; button_bg_color=\u00a0\u00bb#222222&Prime; hover_enabled=\u00a0\u00bb0&Prime; sticky_enabled=\u00a0\u00bb0&Prime;][\/et_pb_button][\/et_pb_column][et_pb_column type=\u00a0\u00bb1_3&Prime; _builder_version=\u00a0\u00bb4.6.4&Prime; _module_preset=\u00a0\u00bbdefault\u00a0\u00bb][et_pb_text _builder_version=\u00a0\u00bb4.6.5&Prime; _module_preset=\u00a0\u00bbdefault\u00a0\u00bb header_2_text_align=\u00a0\u00bbcenter\u00a0\u00bb text_orientation=\u00a0\u00bbcenter\u00a0\u00bb]<\/p>\n<h2>Cours de Pole Dance<\/h2>\n<p>&nbsp;<\/p>\n<p><img loading=\"lazy\" decoding=\"async\" src=\"https:\/\/reservxpert.com\/formation\/wp-content\/uploads\/sites\/10\/2020\/09\/Pole-dance-02-300x300.jpg\" width=\"300\" height=\"300\" alt=\"Pole dance\" class=\"wp-image-652 alignnone size-medium\" style=\"display: block; margin-left: auto; margin-right: auto;\" \/><\/p>\n<p>&nbsp;<\/p>\n<p>Nos cours sont offert \u00e0 1 seul groupe d&rsquo;\u00e2ge et \u00e0 partir de 17 ans, r\u00e9parti sur 2 sessions de 4 mois.<\/p>\n<p>Le co\u00fbt mensuel est \u00e0 partir de $25. Des cours priv\u00e9s sont aussi disponibles.<\/p>\n<p>[\/et_pb_text][et_pb_button button_url=\u00a0\u00bbhttps:\/\/reservxpert.com\/formation\/product\/pole-dance\/\u00a0\u00bb button_text=\u00a0\u00bbJe m&rsquo;inscris\u00a0\u00bb button_alignment=\u00a0\u00bbcenter\u00a0\u00bb _builder_version=\u00a0\u00bb4.6.5&Prime; _module_preset=\u00a0\u00bbdefault\u00a0\u00bb custom_button=\u00a0\u00bbon\u00a0\u00bb button_text_color=\u00a0\u00bb#28bf32&Prime; button_bg_color=\u00a0\u00bb#222222&Prime; hover_enabled=\u00a0\u00bb0&Prime; sticky_enabled=\u00a0\u00bb0&Prime;][\/et_pb_button][\/et_pb_column][\/et_pb_row][\/et_pb_section]<\/p>\n","protected":false},"excerpt":{"rendered":"<p>Rejoignez notre \u00e9quipe selon le groupe d&rsquo;\u00e2ge. Apprenez l\u2019Art avec nos professeurs qualifi\u00e9s. Vous avez l\u2019embarras du choix !Laissez-vous transporter et exprimez les mouvements de votre art !Une danse \u00e0 la fois complexe, diff\u00e9rente et gracieuse. L\u2019harmonie entre votre physique et psychique.Essayer un nouveau style de danse.Un d\u00e9fi rempli de mouvements compl\u00e8xes et spectaculaires\u2026Un sentiment [&hellip;]<\/p>\n","protected":false},"author":2,"featured_media":0,"parent":0,"menu_order":0,"comment_status":"closed","ping_status":"closed","template":"","meta":{"_et_pb_use_builder":"on","_et_pb_old_content":"","_et_gb_content_width":"","footnotes":""},"class_list":["post-577","page","type-page","status-publish","hentry"],"_links":{"self":[{"href":"https:\/\/reservxpert.com\/formation\/wp-json\/wp\/v2\/pages\/577","targetHints":{"allow":["GET"]}}],"collection":[{"href":"https:\/\/reservxpert.com\/formation\/wp-json\/wp\/v2\/pages"}],"about":[{"href":"https:\/\/reservxpert.com\/formation\/wp-json\/wp\/v2\/types\/page"}],"author":[{"embeddable":true,"href":"https:\/\/reservxpert.com\/formation\/wp-json\/wp\/v2\/users\/2"}],"replies":[{"embeddable":true,"href":"https:\/\/reservxpert.com\/formation\/wp-json\/wp\/v2\/comments?post=577"}],"version-history":[{"count":0,"href":"https:\/\/reservxpert.com\/formation\/wp-json\/wp\/v2\/pages\/577\/revisions"}],"wp:attachment":[{"href":"https:\/\/reservxpert.com\/formation\/wp-json\/wp\/v2\/media?parent=577"}],"curies":[{"name":"wp","href":"https:\/\/api.w.org\/{rel}","templated":true}]}}