{"id":656,"date":"2020-09-25T01:36:40","date_gmt":"2020-09-25T05:36:40","guid":{"rendered":"https:\/\/reservxpert.com\/formation\/?post_type=product&#038;p=656"},"modified":"2020-09-26T23:18:00","modified_gmt":"2020-09-27T03:18:00","slug":"pole-dance","status":"publish","type":"product","link":"https:\/\/reservxpert.com\/formation\/product\/pole-dance\/","title":{"rendered":"Cours de Pole dance"},"content":{"rendered":"<h2>Cours de Pole dance<\/h2>\n<p>Lorem ipsum dolor sit amet, consectetuer adipiscing elit. Nam cursus. Morbi ut mi. Nullam enim leo, egestas id, condimentum at, laoreet mattis, massa.\u00a0Sed eleifend nonummy diam. Praesent mauris ante, elementum et, bibendum at, posuere sit amet, nibh. Duis tincidunt lectus quis dui viverra vestibulum. Suspendisse vulputate aliquam dui. Nulla elementum dui ut augue. Aliquam vehicula mi at mauris.<\/p>\n<ul>\n<li>Cours 1H15<\/li>\n<li>15 semaines (2 cours\/semaine)<\/li>\n<li>Sessions (4 mois): Automne, Hiver<\/li>\n<li>Niveaux: D\u00e9butant, Interm\u00e9diaire, Avanc\u00e9<\/li>\n<li>Co\u00fbts mensuel:\n<ul>\n<li>Adultes (\u00e0 partir de 17 ans): $20\/mois<\/li>\n<\/ul>\n<\/li>\n<\/ul>\n","protected":false},"excerpt":{"rendered":"<h2>Cours de Pole dance<\/h2>\n<ul>\n<li>Cours 1H15<\/li>\n<li>15 semaines (2 cours\/semaine)<\/li>\n<li>Sessions (4 mois): Automne, Hiver<\/li>\n<li>Niveaux: D\u00e9butant, Interm\u00e9diaire, Avanc\u00e9<\/li>\n<li>Co\u00fbts mensuel:\n<ul>\n<li>Adultes (\u00e0 partir de 17 ans): $20\/mois<\/li>\n<\/ul>\n<\/li>\n<\/ul>\n","protected":false},"featured_media":666,"comment_status":"open","ping_status":"closed","template":"","meta":{"_et_pb_use_builder":"","_et_pb_old_content":"","_et_gb_content_width":""},"product_brand":[],"product_cat":[26],"product_tag":[],"class_list":{"0":"post-656","1":"product","2":"type-product","3":"status-publish","4":"has-post-thumbnail","6":"product_cat-pole-dance","8":"first","9":"instock","10":"sold-individually","11":"taxable","12":"shipping-taxable","13":"purchasable","14":"product-type-variable"},"_links":{"self":[{"href":"https:\/\/reservxpert.com\/formation\/wp-json\/wp\/v2\/product\/656","targetHints":{"allow":["GET"]}}],"collection":[{"href":"https:\/\/reservxpert.com\/formation\/wp-json\/wp\/v2\/product"}],"about":[{"href":"https:\/\/reservxpert.com\/formation\/wp-json\/wp\/v2\/types\/product"}],"replies":[{"embeddable":true,"href":"https:\/\/reservxpert.com\/formation\/wp-json\/wp\/v2\/comments?post=656"}],"wp:featuredmedia":[{"embeddable":true,"href":"https:\/\/reservxpert.com\/formation\/wp-json\/wp\/v2\/media\/666"}],"wp:attachment":[{"href":"https:\/\/reservxpert.com\/formation\/wp-json\/wp\/v2\/media?parent=656"}],"wp:term":[{"taxonomy":"product_brand","embeddable":true,"href":"https:\/\/reservxpert.com\/formation\/wp-json\/wp\/v2\/product_brand?post=656"},{"taxonomy":"product_cat","embeddable":true,"href":"https:\/\/reservxpert.com\/formation\/wp-json\/wp\/v2\/product_cat?post=656"},{"taxonomy":"product_tag","embeddable":true,"href":"https:\/\/reservxpert.com\/formation\/wp-json\/wp\/v2\/product_tag?post=656"}],"curies":[{"name":"wp","href":"https:\/\/api.w.org\/{rel}","templated":true}]}}