{"id":14,"date":"2020-09-07T00:51:15","date_gmt":"2020-09-07T04:51:15","guid":{"rendered":"https:\/\/reservxpert.com\/hebergement\/?page_id=14"},"modified":"2023-03-13T21:06:32","modified_gmt":"2023-03-14T01:06:32","slug":"chalet-4","status":"publish","type":"page","link":"https:\/\/reservxpert.com\/hebergement\/en\/chalet-4\/","title":{"rendered":"Chalet 4 (Cap: 2-6)"},"content":{"rendered":"<p>[et_pb_section fb_built=\u00a0\u00bb1&Prime; _builder_version=\u00a0\u00bb4.16&Prime; background_enable_image=\u00a0\u00bboff\u00a0\u00bb custom_margin=\u00a0\u00bb||||false|false\u00a0\u00bb custom_padding=\u00a0\u00bb0px||||false|false\u00a0\u00bb global_colors_info=\u00a0\u00bb{}\u00a0\u00bb][et_pb_row make_equal=\u00a0\u00bbon\u00a0\u00bb _builder_version=\u00a0\u00bb4.20.2&Prime; width=\u00a0\u00bb100%\u00a0\u00bb max_width=\u00a0\u00bb100%\u00a0\u00bb min_height=\u00a0\u00bb900px\u00a0\u00bb custom_margin=\u00a0\u00bb||||false|false\u00a0\u00bb custom_padding=\u00a0\u00bb0px||||false|false\u00a0\u00bb hover_enabled=\u00a0\u00bb0&Prime; global_colors_info=\u00a0\u00bb{}\u00a0\u00bb sticky_enabled=\u00a0\u00bb0&Prime;][et_pb_column type=\u00a0\u00bb4_4&Prime; _builder_version=\u00a0\u00bb4.16&Prime; global_colors_info=\u00a0\u00bb{}\u00a0\u00bb][et_pb_slider _builder_version=\u00a0\u00bb4.16&Prime; height=\u00a0\u00bb900px\u00a0\u00bb custom_padding=\u00a0\u00bb||||false|false\u00a0\u00bb global_colors_info=\u00a0\u00bb{}\u00a0\u00bb][et_pb_slide heading=\u00a0\u00bbChalet 4&Prime; use_text_overlay=\u00a0\u00bbon\u00a0\u00bb text_overlay_color=\u00a0\u00bbrgba(0,0,0,0.7)\u00a0\u00bb _builder_version=\u00a0\u00bb4.16&Prime; background_color=\u00a0\u00bb#000000&Prime; background_enable_color=\u00a0\u00bbon\u00a0\u00bb background_image=\u00a0\u00bbhttps:\/\/reservxpert.com\/hebergement\/wp-content\/uploads\/sites\/2\/2020\/09\/Chalet-4-1.jpg\u00a0\u00bb background_enable_image=\u00a0\u00bbon\u00a0\u00bb global_colors_info=\u00a0\u00bb{}\u00a0\u00bb sticky_transition=\u00a0\u00bbon\u00a0\u00bb]Ce chalet est LE \u00abChalet du P\u00eacheur\u00bb par excellence et le plus luxueux que nous ayons \u00e0 vous offrir.<br \/>\nBien d\u00e9cor\u00e9, confortable, accueillant\u2026 C&rsquo;est le seul chalet du lac Triton.[\/et_pb_slide][et_pb_slide heading=\u00a0\u00bbProfitez de la cuisine!\u00a0\u00bb use_text_overlay=\u00a0\u00bbon\u00a0\u00bb text_overlay_color=\u00a0\u00bbrgba(0,0,0,0.7)\u00a0\u00bb _builder_version=\u00a0\u00bb4.16&Prime; background_enable_color=\u00a0\u00bboff\u00a0\u00bb background_image=\u00a0\u00bbhttps:\/\/reservxpert.com\/hebergement\/wp-content\/uploads\/sites\/2\/2020\/09\/Cuisine-4-1.jpg\u00a0\u00bb background_enable_image=\u00a0\u00bbon\u00a0\u00bb custom_button=\u00a0\u00bbon\u00a0\u00bb button_text_size=\u00a0\u00bb30px\u00a0\u00bb button_alignment=\u00a0\u00bbcenter\u00a0\u00bb custom_padding=\u00a0\u00bb||||false|false\u00a0\u00bb global_colors_info=\u00a0\u00bb{}\u00a0\u00bb sticky_transition=\u00a0\u00bbon\u00a0\u00bb]<\/p>\n<p>Lorem ipsum dolor sit amet, consectetuer adipiscing elit. Nam cursus. Morbi ut mi. Nullam enim leo, egestas id, condimentum at, laoreet mattis, massa.<\/p>\n<p>[\/et_pb_slide][et_pb_slide heading=\u00a0\u00bbPartager des d\u00eeners romantiques\u00a0\u00bb use_text_overlay=\u00a0\u00bbon\u00a0\u00bb text_overlay_color=\u00a0\u00bbrgba(0,0,0,0.7)\u00a0\u00bb _builder_version=\u00a0\u00bb4.16&Prime; background_enable_color=\u00a0\u00bboff\u00a0\u00bb background_image=\u00a0\u00bbhttps:\/\/reservxpert.com\/hebergement\/wp-content\/uploads\/sites\/2\/2020\/09\/Salle-a-diner-4b.jpg\u00a0\u00bb background_enable_image=\u00a0\u00bbon\u00a0\u00bb custom_button=\u00a0\u00bbon\u00a0\u00bb button_text_size=\u00a0\u00bb30px\u00a0\u00bb button_alignment=\u00a0\u00bbcenter\u00a0\u00bb custom_padding=\u00a0\u00bb||||false|false\u00a0\u00bb global_colors_info=\u00a0\u00bb{}\u00a0\u00bb sticky_transition=\u00a0\u00bbon\u00a0\u00bb]<\/p>\n<p>Morbi magna magna, tincidunt a, mattis non, imperdiet vitae, tellus. Sed odio est, auctor ac, sollicitudin in, consequat vitae, orci. Fusce id felis. Vivamus sollicitudin metus eget eros.<\/p>\n<p>[\/et_pb_slide][et_pb_slide heading=\u00a0\u00bbD\u00e9tendez-vous dans un salon chaleureux et confortable\u00a0\u00bb use_text_overlay=\u00a0\u00bbon\u00a0\u00bb text_overlay_color=\u00a0\u00bbrgba(0,0,0,0.7)\u00a0\u00bb _builder_version=\u00a0\u00bb4.16&Prime; background_enable_color=\u00a0\u00bboff\u00a0\u00bb background_image=\u00a0\u00bbhttps:\/\/reservxpert.com\/hebergement\/wp-content\/uploads\/sites\/2\/2020\/09\/Salon-3.jpg\u00a0\u00bb background_enable_image=\u00a0\u00bbon\u00a0\u00bb custom_button=\u00a0\u00bbon\u00a0\u00bb button_text_size=\u00a0\u00bb30px\u00a0\u00bb button_alignment=\u00a0\u00bbcenter\u00a0\u00bb custom_padding=\u00a0\u00bb||||false|false\u00a0\u00bb global_colors_info=\u00a0\u00bb{}\u00a0\u00bb sticky_transition=\u00a0\u00bbon\u00a0\u00bb]<\/p>\n<p>Donec dictum lectus non odio. Cras a ante vitae enim iaculis aliquam. Mauris nunc quam, venenatis nec, euismod sit amet, egestas placerat, est. Pellentesque habitant morbi tristique senectus et netus et malesuada fames ac turpis egestas.<\/p>\n<p>&nbsp;<\/p>\n<p>Cras id elit. Integer quis urna. Ut ante enim, dapibus malesuada, fringilla eu, condimentum quis, tellus. Aenean porttitor eros vel dolor.<\/p>\n<p>[\/et_pb_slide][et_pb_slide heading=\u00a0\u00bbNos chambres ont des lits King size et des draps moelleux\u00a0\u00bb use_text_overlay=\u00a0\u00bbon\u00a0\u00bb text_overlay_color=\u00a0\u00bbrgba(0,0,0,0.7)\u00a0\u00bb _builder_version=\u00a0\u00bb4.16&Prime; background_enable_color=\u00a0\u00bboff\u00a0\u00bb background_image=\u00a0\u00bbhttps:\/\/reservxpert.com\/hebergement\/wp-content\/uploads\/sites\/2\/2020\/09\/Chambre-4b.jpg\u00a0\u00bb background_enable_image=\u00a0\u00bbon\u00a0\u00bb custom_button=\u00a0\u00bbon\u00a0\u00bb button_text_size=\u00a0\u00bb30px\u00a0\u00bb button_alignment=\u00a0\u00bbcenter\u00a0\u00bb custom_padding=\u00a0\u00bb||||false|false\u00a0\u00bb global_colors_info=\u00a0\u00bb{}\u00a0\u00bb sticky_transition=\u00a0\u00bbon\u00a0\u00bb]<\/p>\n<p>Mauris vel lacus vitae felis vestibulum volutpat. Etiam est nunc, venenatis in, tristique eu, imperdiet ac, nisl. Cum sociis natoque penatibus et magnis dis parturient montes, nascetur ridiculus mus. In iaculis facilisis massa. Etiam eu urna. Sed porta. Suspendisse quam leo, molestie sed, luctus quis, feugiat in, pede.<\/p>\n<p>[\/et_pb_slide][\/et_pb_slider][\/et_pb_column][\/et_pb_row][et_pb_row column_structure=\u00a0\u00bb3_5,2_5&Prime; _builder_version=\u00a0\u00bb4.16&Prime; width=\u00a0\u00bb100%\u00a0\u00bb max_width=\u00a0\u00bb1400px\u00a0\u00bb global_colors_info=\u00a0\u00bb{}\u00a0\u00bb][et_pb_column type=\u00a0\u00bb3_5&Prime; _builder_version=\u00a0\u00bb4.16&Prime; global_colors_info=\u00a0\u00bb{}\u00a0\u00bb][et_pb_text admin_label=\u00a0\u00bbBooking form\u00a0\u00bb _builder_version=\u00a0\u00bb4.16&Prime; width=\u00a0\u00bb97.6%\u00a0\u00bb custom_margin=\u00a0\u00bb30px||||false|false\u00a0\u00bb custom_padding=\u00a0\u00bb|||20px|false|false\u00a0\u00bb animation_style=\u00a0\u00bbzoom\u00a0\u00bb text_text_shadow_style=\u00a0\u00bbpreset3&Prime; global_colors_info=\u00a0\u00bb{}\u00a0\u00bb]<\/p>\n<p style=\"text-align: center;\"><\/p>\n<p>[\/et_pb_text][et_pb_text admin_label=\u00a0\u00bbCalendrier &#8211; Chalet #4&Prime; _builder_version=\u00a0\u00bb4.16&Prime; _module_preset=\u00a0\u00bbdefault\u00a0\u00bb global_colors_info=\u00a0\u00bb{}\u00a0\u00bb][\/et_pb_text][\/et_pb_column][et_pb_column type=\u00a0\u00bb2_5&Prime; _builder_version=\u00a0\u00bb4.16&Prime; global_colors_info=\u00a0\u00bb{}\u00a0\u00bb][et_pb_divider show_divider=\u00a0\u00bboff\u00a0\u00bb _builder_version=\u00a0\u00bb4.16&Prime; _module_preset=\u00a0\u00bbdefault\u00a0\u00bb module_alignment=\u00a0\u00bbcenter\u00a0\u00bb min_height=\u00a0\u00bb45px\u00a0\u00bb global_colors_info=\u00a0\u00bb{}\u00a0\u00bb][\/et_pb_divider][et_pb_text admin_label=\u00a0\u00bbVisite guid\u00e9e 360&Prime; _builder_version=\u00a0\u00bb4.16&Prime; header_3_text_align=\u00a0\u00bbcenter\u00a0\u00bb header_3_text_color=\u00a0\u00bb#ff6600&Prime; background_color=\u00a0\u00bbrgba(0,0,0,0.9)\u00a0\u00bb custom_margin=\u00a0\u00bb|10px|0px|10px|false|false\u00a0\u00bb custom_padding=\u00a0\u00bb20px||||false|false\u00a0\u00bb link_option_url_new_window=\u00a0\u00bbon\u00a0\u00bb global_colors_info=\u00a0\u00bb{}\u00a0\u00bb]<\/p>\n<h3 style=\"text-align: center;\">VISITE GUID\u00c9E \u00c0 360 \u00b0<\/h3>\n<p><a href=\"https:\/\/www.google.ca\/maps\/@46.3749437,-73.9004097,3a,75y,279.69h,100.16t\/data=!3m6!1e1!3m4!1sAF1QipMwD9OyzJVW9qx3VjR65bzsxrJgHG8vy6u13R30!2e10!7i6720!8i3360\" target=\"_blank\" rel=\"noopener noreferrer\"><img loading=\"lazy\" decoding=\"async\" class=\"aligncenter wp-image-326 size-full\" title=\"360 visit - Bor\u00e9al Cottage - Coin Lavigne Outfitter\" src=\"https:\/\/reservxpert.com\/hebergement\/wp-content\/uploads\/sites\/2\/2020\/09\/Play-Icon.png\" alt=\"360 visit - Chalet #4\" width=\"213\" height=\"160\" \/><\/a><\/p>\n<p>[\/et_pb_text][\/et_pb_column][\/et_pb_row][et_pb_row column_structure=\u00a0\u00bb1_2,1_2&Prime; _builder_version=\u00a0\u00bb4.16&Prime; width=\u00a0\u00bb100%\u00a0\u00bb max_width=\u00a0\u00bb1400px\u00a0\u00bb global_colors_info=\u00a0\u00bb{}\u00a0\u00bb][et_pb_column type=\u00a0\u00bb1_2&Prime; _builder_version=\u00a0\u00bb4.16&Prime; global_colors_info=\u00a0\u00bb{}\u00a0\u00bb][et_pb_text admin_label=\u00a0\u00bbD\u00e9tails du Chalet\u00a0\u00bb _builder_version=\u00a0\u00bb4.16&Prime; custom_padding=\u00a0\u00bb|20px||20px|false|false\u00a0\u00bb global_colors_info=\u00a0\u00bb{}\u00a0\u00bb]<\/p>\n<p>Capacit\u00e9: 2-6 personnes<\/p>\n<p>\u00c0 partir de $100 \/ nuit \/ personne &#8211; en semaine<br \/> $110 \/ nuit \/ personne &#8211; Week-end et jours f\u00e9ri\u00e9s<br \/> (Minimum 2 personnes &#8211; S\u00e9jour minimum 2 nuits)<\/p>\n<p><strong>Description:<\/strong><br \/> Superbe chalet situ\u00e9 au bord du lac du Triton Vert au Saguenay, pouvant accueillir confortablement des groupes de 2 \u00e0 6 personnes.<br \/> Comprend: Cuisine, une salle de bain avec douche eau chaude, 3 chambres pour loger les occupants, un salon, une v\u00e9randa avec moustiquaires.<\/p>\n<p><em><strong>ReservXpert<\/strong><\/em> est fier de vous offrir ce chaleureux et luxueux chalet qui a tout ce dont vous avez besoin pour profiter pleinement du temps de vacances avec des membres de la famille ou des amis.<\/p>\n<p><strong>Commodit\u00e9es:<\/strong><\/p>\n<ul>\n<li>3 lits doubles et literie fournis;<\/li>\n<li>Accessoires de cuisine enti\u00e8rement fournie;<\/li>\n<li>Salle de bain avec douche d&rsquo;eau chaude;<\/li>\n<li>Cuisini\u00e8re et r\u00e9frig\u00e9rateur au propane;<\/li>\n<li>Po\u00eale \u00e0 bois;<\/li>\n<li>BBQ au propane;<\/li>\n<li>Panneau solaire;<\/li>\n<li>Table de pique-nique et feu de camp.<\/li>\n<\/ul>\n<p>[\/et_pb_text][\/et_pb_column][et_pb_column type=\u00a0\u00bb1_2&Prime; _builder_version=\u00a0\u00bb4.16&Prime; global_colors_info=\u00a0\u00bb{}\u00a0\u00bb][et_pb_text admin_label=\u00a0\u00bbMappe\u00a0\u00bb _builder_version=\u00a0\u00bb4.16&Prime; custom_margin=\u00a0\u00bb70px||||false|false\u00a0\u00bb global_colors_info=\u00a0\u00bb{}\u00a0\u00bb]<\/p>\n<p><img loading=\"lazy\" decoding=\"async\" class=\"aligncenter wp-image-741 size-full\" title=\"Map\" src=\"https:\/\/reservxpert.com\/hebergement\/wp-content\/uploads\/sites\/2\/2020\/09\/Map.jpg\" alt=\"Map\" width=\"923\" height=\"534\" \/><\/p>\n<p>[\/et_pb_text][et_pb_text _builder_version=\u00a0\u00bb4.16&Prime; _module_preset=\u00a0\u00bbdefault\u00a0\u00bb text_orientation=\u00a0\u00bbcenter\u00a0\u00bb custom_padding=\u00a0\u00bb|10px||10px|false|false\u00a0\u00bb global_colors_info=\u00a0\u00bb{}\u00a0\u00bb]<\/p>\n<p><em>NB: Pour toutes locations compl\u00e9mentaires (VTT, Motoneiges, Chaloupes et \u00c9quipement de p\u00eache), SVP compl\u00e9ter le formulaire de requ\u00eates.<\/em><\/p>\n<p>[\/et_pb_text][\/et_pb_column][\/et_pb_row][et_pb_row _builder_version=\u00a0\u00bb4.16&Prime; width=\u00a0\u00bb100%\u00a0\u00bb max_width=\u00a0\u00bb1400px\u00a0\u00bb global_colors_info=\u00a0\u00bb{}\u00a0\u00bb][et_pb_column type=\u00a0\u00bb4_4&Prime; _builder_version=\u00a0\u00bb4.16&Prime; global_colors_info=\u00a0\u00bb{}\u00a0\u00bb][et_pb_text admin_label=\u00a0\u00bbS\u00e9parateur\u00a0\u00bb _builder_version=\u00a0\u00bb4.16&Prime; global_colors_info=\u00a0\u00bb{}\u00a0\u00bb]<!-- divi:separator --><\/p>\n<hr class=\"wp-block-separator\" \/><!-- \/divi:separator -->[\/et_pb_text][et_pb_text disabled_on=\u00a0\u00bbon|on|on\u00a0\u00bb admin_label=\u00a0\u00bbAvailability Calendar\u00a0\u00bb _builder_version=\u00a0\u00bb4.16&Prime; _module_preset=\u00a0\u00bbdefault\u00a0\u00bb disabled=\u00a0\u00bbon\u00a0\u00bb global_colors_info=\u00a0\u00bb{}\u00a0\u00bb]<\/p>\n<p style=\"text-align: center;\"><\/p>\n<p>[\/et_pb_text][\/et_pb_column][\/et_pb_row][\/et_pb_section]<\/p>\n","protected":false},"excerpt":{"rendered":"<p>Ce chalet est LE \u00abChalet du P\u00eacheur\u00bb par excellence et le plus luxueux que nous ayons \u00e0 vous offrir. Bien d\u00e9cor\u00e9, confortable, accueillant\u2026 C&rsquo;est le seul chalet du lac Triton.Lorem ipsum dolor sit amet, consectetuer adipiscing elit. Nam cursus. Morbi ut mi. Nullam enim leo, egestas id, condimentum at, laoreet mattis, massa.Morbi magna magna, tincidunt [&hellip;]<\/p>\n","protected":false},"author":3,"featured_media":0,"parent":0,"menu_order":0,"comment_status":"open","ping_status":"closed","template":"","meta":{"_et_pb_use_builder":"on","_et_pb_old_content":"","_et_gb_content_width":"","footnotes":""},"class_list":["post-14","page","type-page","status-publish","hentry"],"_links":{"self":[{"href":"https:\/\/reservxpert.com\/hebergement\/en\/wp-json\/wp\/v2\/pages\/14","targetHints":{"allow":["GET"]}}],"collection":[{"href":"https:\/\/reservxpert.com\/hebergement\/en\/wp-json\/wp\/v2\/pages"}],"about":[{"href":"https:\/\/reservxpert.com\/hebergement\/en\/wp-json\/wp\/v2\/types\/page"}],"author":[{"embeddable":true,"href":"https:\/\/reservxpert.com\/hebergement\/en\/wp-json\/wp\/v2\/users\/3"}],"replies":[{"embeddable":true,"href":"https:\/\/reservxpert.com\/hebergement\/en\/wp-json\/wp\/v2\/comments?post=14"}],"version-history":[{"count":3,"href":"https:\/\/reservxpert.com\/hebergement\/en\/wp-json\/wp\/v2\/pages\/14\/revisions"}],"predecessor-version":[{"id":1788,"href":"https:\/\/reservxpert.com\/hebergement\/en\/wp-json\/wp\/v2\/pages\/14\/revisions\/1788"}],"wp:attachment":[{"href":"https:\/\/reservxpert.com\/hebergement\/en\/wp-json\/wp\/v2\/media?parent=14"}],"curies":[{"name":"wp","href":"https:\/\/api.w.org\/{rel}","templated":true}]}}