{"id":867,"date":"2020-09-07T00:54:41","date_gmt":"2020-09-07T04:54:41","guid":{"rendered":"https:\/\/reservxpert.com\/hebergement\/?page_id=867"},"modified":"2021-07-11T15:41:36","modified_gmt":"2021-07-11T19:41:36","slug":"termes-conditions","status":"publish","type":"page","link":"https:\/\/reservxpert.com\/hebergement\/en\/termes-conditions\/","title":{"rendered":"Termes et conditions"},"content":{"rendered":"<p>[et_pb_section fb_built=\u00a0\u00bb1&Prime; _builder_version=\u00a0\u00bb3.22&Prime;][et_pb_row _builder_version=\u00a0\u00bb3.25&Prime; background_size=\u00a0\u00bbinitial\u00a0\u00bb background_position=\u00a0\u00bbtop_left\u00a0\u00bb background_repeat=\u00a0\u00bbrepeat\u00a0\u00bb][et_pb_column type=\u00a0\u00bb4_4&Prime; _builder_version=\u00a0\u00bb3.25&Prime; custom_padding=\u00a0\u00bb|||\u00a0\u00bb custom_padding__hover=\u00a0\u00bb|||\u00a0\u00bb][et_pb_text admin_label=\u00a0\u00bbTermes et Conditions\u00a0\u00bb _builder_version=\u00a0\u00bb4.9.7&Prime; background_size=\u00a0\u00bbinitial\u00a0\u00bb background_position=\u00a0\u00bbtop_left\u00a0\u00bb background_repeat=\u00a0\u00bbrepeat\u00a0\u00bb hover_enabled=\u00a0\u00bb0&Prime; sticky_enabled=\u00a0\u00bb0&Prime; header_2_text_color=\u00a0\u00bb#000000&Prime;]<\/p>\n<h2>Termes et Conditions<\/h2>\n<h4><\/H4><br \/>\n1. Termes<br \/>\na. En acc\u00e9dant \u00e0 ReservXpert.ca, vous acceptez d\u2019\u00eatre li\u00e9 par les pr\u00e9sentes conditions d\u2019utilisation du site web, toutes les lois et r\u00e9glementations applicables et acceptez d\u2019\u00eatre responsable du respect des lois locales applicables.<\/p>\n<p>Si vous n\u2019\u00eates pas d\u2019accord avec l\u2019un de ces termes, il vous est interdit d\u2019utiliser ou d\u2019acc\u00e9der \u00e0 ce site.<\/p>\n<p>Le contenu (textes, images, fichiers, logo, favicon, code QR, informations de tous genres et tout autres \u00e9l\u00e9ments de ce site web) est prot\u00e9g\u00e9 par les lois sur les droits d\u2019auteur et les marques de commerce applicables.<\/p>\n<p>b. D\u00e9ni de responsabilit\u00e9<br \/>\ni. .ReservXpert.ca et ses soci\u00e9t\u00e9s affili\u00e9es et ses soci\u00e9t\u00e9s m\u00e8res ne sont aucunement responsables de la qualit\u00e9 du travail, des paiements ou de toute autre affaire entre le Client et les Membres (Entrepreneurs, Contracteurs, Homme \u00e0 tout faire et tous les autres travailleurs de l\u2019industrie).<\/p>\n<p>ii. ReservXpert.ca et ses soci\u00e9t\u00e9s affili\u00e9es et ses soci\u00e9t\u00e9s m\u00e8res ne seront jamais impliqu\u00e9es dans un diff\u00e9rend entre les parties et reste un fournisseur de services objectif qui aide les parties \u00e0 se trouver mutuellement pour les services requis.<\/p>\n<p>iii. Tous les probl\u00e8mes ou diff\u00e9rends doivent \u00eatre r\u00e9gl\u00e9s entre les Clients et les Membres (Entrepreneurs, Contracteurs, Homme \u00e0 tout faire et tous les autres travailleurs sp\u00e9cialis\u00e9s);<\/p>\n<p>iv. ReservXpert.ca et ses filiales et ses soci\u00e9t\u00e9s m\u00e8res ne seront pas tenues responsables de la v\u00e9racit\u00e9 des informations pr\u00e9sent\u00e9es sur les profils des membres (entrepreneurs, entrepreneurs, bricoleur et tous les autres travailleurs de l\u2019industrie).<\/p>\n<p>2. Utilisation de la licence<br \/>\na. La permission est accord\u00e9e de t\u00e9l\u00e9charger temporairement une copie du mat\u00e9riel sur le site web de ReservXpert pour un visionnement personnel et non commercial seulement.<\/p>\n<p>Vous ne pouvez pas:<br \/>\ni. Modifier ou copier le contenu;<\/p>\n<p>ii. Utiliser le contenu \u00e0 des fins commerciales ou pour tout affichage public (commercial ou non commercial);<\/p>\n<p>iii. Tenter de d\u00e9compiler ou d\u2019ex\u00e9cuter de l\u2019ing\u00e9nierie invers\u00e9e sur tout logiciel contenu sur le site web de ReservXpert;<\/p>\n<p>iv. Supprimer tout droit d\u2019auteur ou toute autre mention de propri\u00e9t\u00e9 des documents; ou<\/p>\n<p>v. Transf\u00e9rer les documents \u00e0 une autre personne ou \u00abreproduire\u00bb les documents sur un autre serveur.<\/p>\n<p>Cette licence prendra fin automatiquement si vous ne respectez pas l\u2019une de ces restrictions et ReservXpert peut \u00e0 tout moment la r\u00e9silier selon son gr\u00e9.<\/p>\n<p>D\u00e8s la fin de votre visionnement de ces documents ou \u00e0 la fin de cette licence, vous devez d\u00e9truire tous documents t\u00e9l\u00e9charg\u00e9s en votre possession que ce soit sous forme \u00e9lectronique ou imprim\u00e9e.<\/p>\n<p>3. D\u00e9ni de responsabilit\u00e9<br \/>\nLes documents sur le site web de ReservXpert sont fournis \u00abtels quels\u00bb. ReservXpert n\u2019\u00e9met aucune garantie explicite ou implicite, d\u00e9cline et nie par la pr\u00e9sente toutes garanties, y compris sans limitation, les garanties implicites ou les conditions de qualit\u00e9 marchande, ajustement pour un usage particulier, ou de non-violation de propri\u00e9t\u00e9 intellectuelle ou toute autre violation des droits.<\/p>\n<p>De plus, ReservXpert ne garantit ni ne fait aucune d\u00e9claration concernant l\u2019exactitude, les r\u00e9sultats probables ou la fiabilit\u00e9 de l\u2019utilisation des documents sur son site Internet\/App ou autrement, li\u00e9s \u00e0 ces documents ou sur les sites li\u00e9s \u00e0 ce site\/App.<\/p>\n<p>4. Limitations<br \/>\nEn aucun cas, ReservXpert ou ses fournisseurs ne peuvent \u00eatre tenus responsables de tout dommage (y compris, sans limitation, dommages pour perte de donn\u00e9es ou de profit, ou en raison d\u2019une interruption des activit\u00e9s) r\u00e9sultant de l\u2019utilisation ou de l\u2019impossibilit\u00e9 d\u2019utiliser le contenu sur le site web de ReservXpert, m\u00eame si ReservXpert ou un de ses repr\u00e9sentants autoris\u00e9s a \u00e9t\u00e9 avis\u00e9 verbalement ou par \u00e9crit de la possibilit\u00e9 de tels dommages.<\/p>\n<p>\u00c9tant donn\u00e9 que certaines juridictions n\u2019autorisent pas les limitations sur les garanties implicites ou les limitations de responsabilit\u00e9 pour les dommages indirects ou accessoires, ces limitations peuvent ne pas s\u2019appliquer \u00e0 vous.<\/p>\n<p>5. R\u00e9visions et errata<br \/>\nLes documents apparaissant sur le site web de ReservXpert pourraient inclure des erreurs techniques, typographiques ou photographiques. ReservXpert ne garantit aucunement que les documents sont exacts, complets ou \u00e0 jour. ReservXpert peut apporter des modifications au contenu de son site \u00e0 tout moment et sans pr\u00e9avis. ReservXpert ne s\u2019engage toutefois pas \u00e0 mettre \u00e0 jour les documents.<\/p>\n<p>6. Liens<br \/>\nReservXpert n\u2019a pas examin\u00e9 tous les sites web li\u00e9s \u00e0 son site Internet et n\u2019est pas responsable du contenu de ces sites li\u00e9s. L\u2019inclusion de tout lien n\u2019implique pas l\u2019approbation par ReservXpert du site. L\u2019utilisation de tout site web li\u00e9 est aux risques et p\u00e9rils de l\u2019utilisateur.<\/p>\n<p>7. Modifications des conditions d\u2019utilisation du site<br \/>\nReservXpert peut r\u00e9viser les conditions d\u2019utilisation de son site web \u00e0 tout moment sans pr\u00e9avis. En utilisant ce site web, vous acceptez d\u2019\u00eatre li\u00e9 par la version alors en vigueur des pr\u00e9sentes conditions d\u2019utilisation.<\/p>\n<p>8. Loi applicable<br \/>\nToute r\u00e9clamation relative au site web de ReservXpert sera r\u00e9gie par les lois de l\u2019\u00c9tat du Qu\u00e9bec, Canada, sans \u00e9gard \u00e0 ses dispositions relatives aux conflits de lois, conditions g\u00e9n\u00e9rales et conditions applicables \u00e0 l\u2019utilisation d\u2019un site web.<\/p>\n<p>9. Paiements s\u00e9curis\u00e9s<br \/>\nReservXpert.ca App., Les sites Web et les plates-formes sont toutes s\u00e9curis\u00e9es et utilisent la certification SSL. Les paiements de nos clients pour les abonnements sont trait\u00e9s par des tiers PayPal et Stripe qui souscrivent tous les deux aux protocoles de s\u00e9curit\u00e9 les plus stricts et les plus r\u00e9cents.<\/p>\n<p>L\u2019application ReservXpert.ca, les sites Web et les plates-formes ne divulgueront jamais publiquement des donn\u00e9es personnelles ou sensibles sur les utilisateurs li\u00e9es \u00e0 des activit\u00e9s financi\u00e8res ou de paiement ou des num\u00e9ros d\u2019identification gouvernementaux.<\/p>\n<p>Nous nous engageons \u00e0 mener nos activit\u00e9s conform\u00e9ment aux pr\u00e9sentes Conditions g\u00e9n\u00e9rales afin de garantir que la confidentialit\u00e9 des informations personnelles est prot\u00e9g\u00e9e et maintenue.<\/p>\n<p>&nbsp;<\/p>\n<p><strong>\u00c9quipe de direction<br \/>\nReservXpert<\/strong><br \/>\n<span style=\"color: #3366ff;\"><a style=\"color: #3366ff;\" href=\"mailto:info@oswseo.ca\">support@reservxpert.ca<\/a><\/span>[\/et_pb_text][\/et_pb_column][\/et_pb_row][\/et_pb_section]<\/p>\n","protected":false},"excerpt":{"rendered":"<p>Termes et Conditions 1. Termes a. En acc\u00e9dant \u00e0 ReservXpert.ca, vous acceptez d\u2019\u00eatre li\u00e9 par les pr\u00e9sentes conditions d\u2019utilisation du site web, toutes les lois et r\u00e9glementations applicables et acceptez d\u2019\u00eatre responsable du respect des lois locales applicables. Si vous n\u2019\u00eates pas d\u2019accord avec l\u2019un de ces termes, il vous est interdit d\u2019utiliser ou d\u2019acc\u00e9der [&hellip;]<\/p>\n","protected":false},"author":2,"featured_media":0,"parent":0,"menu_order":0,"comment_status":"closed","ping_status":"closed","template":"","meta":{"_et_pb_use_builder":"on","_et_pb_old_content":"","_et_gb_content_width":"","footnotes":""},"class_list":["post-867","page","type-page","status-publish","hentry"],"_links":{"self":[{"href":"https:\/\/reservxpert.com\/hebergement\/en\/wp-json\/wp\/v2\/pages\/867","targetHints":{"allow":["GET"]}}],"collection":[{"href":"https:\/\/reservxpert.com\/hebergement\/en\/wp-json\/wp\/v2\/pages"}],"about":[{"href":"https:\/\/reservxpert.com\/hebergement\/en\/wp-json\/wp\/v2\/types\/page"}],"author":[{"embeddable":true,"href":"https:\/\/reservxpert.com\/hebergement\/en\/wp-json\/wp\/v2\/users\/2"}],"replies":[{"embeddable":true,"href":"https:\/\/reservxpert.com\/hebergement\/en\/wp-json\/wp\/v2\/comments?post=867"}],"version-history":[{"count":0,"href":"https:\/\/reservxpert.com\/hebergement\/en\/wp-json\/wp\/v2\/pages\/867\/revisions"}],"wp:attachment":[{"href":"https:\/\/reservxpert.com\/hebergement\/en\/wp-json\/wp\/v2\/media?parent=867"}],"curies":[{"name":"wp","href":"https:\/\/api.w.org\/{rel}","templated":true}]}}