{"id":3662,"date":"2020-10-04T22:30:05","date_gmt":"2020-10-05T02:30:05","guid":{"rendered":"https:\/\/reservxpert.com\/juridique\/?page_id=3662"},"modified":"2022-11-01T19:12:21","modified_gmt":"2022-11-01T23:12:21","slug":"accueil","status":"publish","type":"page","link":"https:\/\/reservxpert.com\/juridique\/","title":{"rendered":"Accueil"},"content":{"rendered":"<p>[et_pb_section fb_built=\u00a0\u00bb1&Prime; _builder_version=\u00a0\u00bb4.16&Prime; _module_preset=\u00a0\u00bbdefault\u00a0\u00bb background_color=\u00a0\u00bb#000000&Prime; background_image=\u00a0\u00bbhttps:\/\/reservxpert.com\/juridique\/wp-content\/uploads\/sites\/11\/2020\/10\/ReservXpert-Prise-de-RV-Header-01.jpg\u00a0\u00bb global_colors_info=\u00a0\u00bb{}\u00a0\u00bb][et_pb_row _builder_version=\u00a0\u00bb4.16&Prime; _module_preset=\u00a0\u00bbdefault\u00a0\u00bb background_enable_color=\u00a0\u00bboff\u00a0\u00bb width=\u00a0\u00bb100%\u00a0\u00bb max_width=\u00a0\u00bb1400px\u00a0\u00bb module_alignment=\u00a0\u00bbcenter\u00a0\u00bb custom_margin=\u00a0\u00bb||||false|false\u00a0\u00bb custom_padding=\u00a0\u00bb0px||0px||false|false\u00a0\u00bb global_colors_info=\u00a0\u00bb{}\u00a0\u00bb][et_pb_column type=\u00a0\u00bb4_4&Prime; _builder_version=\u00a0\u00bb4.16&Prime; _module_preset=\u00a0\u00bbdefault\u00a0\u00bb background_enable_color=\u00a0\u00bboff\u00a0\u00bb global_colors_info=\u00a0\u00bb{}\u00a0\u00bb][et_pb_slider _builder_version=\u00a0\u00bb4.16&Prime; _module_preset=\u00a0\u00bbdefault\u00a0\u00bb background_color=\u00a0\u00bbrgba(0,0,0,0)\u00a0\u00bb max_width=\u00a0\u00bb1400px\u00a0\u00bb custom_padding=\u00a0\u00bb||4px|||\u00a0\u00bb global_colors_info=\u00a0\u00bb{}\u00a0\u00bb][et_pb_slide heading=\u00a0\u00bbPrise de Rendez-vous\u00a0\u00bb use_bg_overlay=\u00a0\u00bboff\u00a0\u00bb use_text_overlay=\u00a0\u00bbon\u00a0\u00bb text_overlay_color=\u00a0\u00bbrgba(0,0,0,0.7)\u00a0\u00bb admin_title=\u00a0\u00bbHeader | Services juridiques &#8211; Prise de Rendez-vous\u00a0\u00bb _builder_version=\u00a0\u00bb4.16&Prime; _module_preset=\u00a0\u00bbdefault\u00a0\u00bb header_text_align=\u00a0\u00bbcenter\u00a0\u00bb header_text_color=\u00a0\u00bb#ffffff\u00a0\u00bb body_text_align=\u00a0\u00bbcenter\u00a0\u00bb body_text_color=\u00a0\u00bb#ffffff\u00a0\u00bb body_font_size=\u00a0\u00bb18px\u00a0\u00bb background_enable_color=\u00a0\u00bboff\u00a0\u00bb global_colors_info=\u00a0\u00bb{}\u00a0\u00bb sticky_transition=\u00a0\u00bbon\u00a0\u00bb]<\/p>\n<h2>Services juridiques<\/h2>\n<p>Votre solution de r\u00e9servation en ligne<br \/> Selon les disponibilit\u00e9s et sp\u00e9cialit\u00e9s des Professionnels.<br \/> (D\u00e9mo pour Notaires et Avocats)<\/p>\n<p>[\/et_pb_slide][\/et_pb_slider][et_pb_text admin_label=\u00a0\u00bbShortcode | Formulaire Prise de RV\u00a0\u00bb _builder_version=\u00a0\u00bb4.16&Prime; _module_preset=\u00a0\u00bbdefault\u00a0\u00bb global_colors_info=\u00a0\u00bb{}\u00a0\u00bb]<\/p>\n<div class=\"latepoint-book-form-wrapper os-loading os_init_booking_form\" id=\"latepointBookForm_69deca26ef906\" >\n\t\t\t\t\t\t<div class=\"latepoint-w latepoint-inline-form latepoint-show-side-panel\">\n\t\t\t\t\t\t\t<div class=\"latepoint-booking-form-element\">\n\t\t\t\t\t\t\t\t<div class=\"latepoint-side-panel\"><\/div>\n\t\t\t\t\t\t\t\t<div class=\"latepoint-form-w\"><\/div>\n\t\t\t\t\t\t\t<\/div>\n\t\t\t\t\t\t<\/div>\n\t\t\t\t\t<\/div>\n<p>[\/et_pb_text][\/et_pb_column][\/et_pb_row][\/et_pb_section][et_pb_section fb_built=\u00a0\u00bb1&Prime; _builder_version=\u00a0\u00bb4.16&Prime; _module_preset=\u00a0\u00bbdefault\u00a0\u00bb background_color=\u00a0\u00bb#222222&Prime; custom_padding=\u00a0\u00bb30px||30px||false|false\u00a0\u00bb global_colors_info=\u00a0\u00bb{}\u00a0\u00bb][et_pb_row _builder_version=\u00a0\u00bb4.16&Prime; _module_preset=\u00a0\u00bbdefault\u00a0\u00bb width=\u00a0\u00bb100%\u00a0\u00bb max_width=\u00a0\u00bb1400px\u00a0\u00bb module_alignment=\u00a0\u00bbcenter\u00a0\u00bb custom_padding=\u00a0\u00bb0px||0px||false|false\u00a0\u00bb global_colors_info=\u00a0\u00bb{}\u00a0\u00bb][et_pb_column type=\u00a0\u00bb4_4&Prime; _builder_version=\u00a0\u00bb4.16&Prime; _module_preset=\u00a0\u00bbdefault\u00a0\u00bb global_colors_info=\u00a0\u00bb{}\u00a0\u00bb][et_pb_text admin_label=\u00a0\u00bbSEO Footer\u00a0\u00bb _builder_version=\u00a0\u00bb4.16&Prime; _module_preset=\u00a0\u00bbdefault\u00a0\u00bb header_text_color=\u00a0\u00bb#ffffff\u00a0\u00bb header_6_text_align=\u00a0\u00bbcenter\u00a0\u00bb header_6_text_color=\u00a0\u00bb#777777&Prime; header_6_font_size=\u00a0\u00bb11px\u00a0\u00bb custom_padding=\u00a0\u00bb10px||10px||false|false\u00a0\u00bb global_colors_info=\u00a0\u00bb{}\u00a0\u00bb]<\/p>\n<h6><a href=\"https:\/\/reservxpert.ca\/\">Accueil<\/a><span>\u00a0<\/span>\u2013<span>\u00a0<\/span><a href=\"https:\/\/reservxpert.ca\/hebergement\/\" target=\"_blank\" rel=\"noopener noreferrer\">ReservXpert H\u00e9bergement<\/a><span>\u00a0<\/span>\u2013 Syst\u00e8me de r\u00e9servation \u2013 Location \u2013 Location de Chalet \u2013 Location de Camp \u2013 Location de Condo \u2013 Location d\u2019Appartement \u2013 Location de Chambre \u2013 Location de Suite \u2013 Location de Terrain \u2013<span>\u00a0<\/span><a href=\"https:\/\/reservxpert.ca\/formation\/\" target=\"_blank\" rel=\"noopener noreferrer\">ReservXpert Cours et Formation<\/a><span>\u00a0<\/span>\u2013 Syst\u00e8me d\u2019inscription \u2013 Syst\u00e8me d\u2019abonnement \u2013 Syst\u00e8me d\u2019adh\u00e9sion \u2013 Syst\u00e8me d\u2019enregistrement \u2013 Cours \u2013 Formation \u2013<span>\u00a0<\/span><a href=\"https:\/\/reservxpert.ca\/rendez-vous\/\" target=\"_blank\" rel=\"noopener noreferrer\">ReservXpert Prise de rendez-vous<\/a><span>\u00a0<\/span>\u2013 R\u00e9servation en ligne \u2013 Professionnels \u2013 Sant\u00e9 \u2013 L\u00e9gal \u2013<span>\u00a0<\/span><a href=\"https:\/\/reservxpert.ca\/concessionnaire\/\" target=\"_blank\" rel=\"noopener noreferrer\">ReservXpert Concessionnaire<\/a><span>\u00a0<\/span>\u2013 Auto \u2013 Moto \u2013 Bateau \u2013 VTT \u2013 VR \u2013 Motoneige \u2013<span>\u00a0<\/span><a href=\"https:\/\/guyc23.sg-host.com\/\" target=\"_blank\" rel=\"noopener noreferrer\">ReservXpert Boutique en ligne<\/a><span>\u00a0<\/span>\u2013<span>\u00a0<\/span><a href=\"https:\/\/info-clic.info\/\" target=\"_blank\" rel=\"noopener noreferrer\">Info-Clic \u2013 R\u00e9pertoire des Entreprises<\/a><\/h6>\n<p>[\/et_pb_text][\/et_pb_column][\/et_pb_row][\/et_pb_section]<\/p>\n","protected":false},"excerpt":{"rendered":"<p>Services juridiques Votre solution de r\u00e9servation en ligne Selon les disponibilit\u00e9s et sp\u00e9cialit\u00e9s des Professionnels. (D\u00e9mo pour Notaires et Avocats)<div class=\"latepoint-book-form-wrapper os-loading os_init_booking_form\" id=\"latepointBookForm_69deca2700007\" >\n\t\t\t\t\t\t<div class=\"latepoint-w latepoint-inline-form latepoint-show-side-panel\">\n\t\t\t\t\t\t\t<div class=\"latepoint-booking-form-element\">\n\t\t\t\t\t\t\t\t<div class=\"latepoint-side-panel\"><\/div>\n\t\t\t\t\t\t\t\t<div class=\"latepoint-form-w\"><\/div>\n\t\t\t\t\t\t\t<\/div>\n\t\t\t\t\t\t<\/div>\n\t\t\t\t\t<\/div>Accueil\u00a0\u2013\u00a0ReservXpert H\u00e9bergement\u00a0\u2013 Syst\u00e8me de r\u00e9servation \u2013 Location \u2013 Location de Chalet \u2013 Location de Camp \u2013 Location de Condo \u2013 Location d\u2019Appartement \u2013 Location de Chambre \u2013 Location de Suite \u2013 Location de Terrain \u2013\u00a0ReservXpert Cours [&hellip;]<\/p>\n","protected":false},"author":2,"featured_media":0,"parent":0,"menu_order":0,"comment_status":"closed","ping_status":"closed","template":"","meta":{"_et_pb_use_builder":"on","_et_pb_old_content":"","_et_gb_content_width":"","footnotes":""},"class_list":["post-3662","page","type-page","status-publish","hentry"],"_links":{"self":[{"href":"https:\/\/reservxpert.com\/juridique\/wp-json\/wp\/v2\/pages\/3662","targetHints":{"allow":["GET"]}}],"collection":[{"href":"https:\/\/reservxpert.com\/juridique\/wp-json\/wp\/v2\/pages"}],"about":[{"href":"https:\/\/reservxpert.com\/juridique\/wp-json\/wp\/v2\/types\/page"}],"author":[{"embeddable":true,"href":"https:\/\/reservxpert.com\/juridique\/wp-json\/wp\/v2\/users\/2"}],"replies":[{"embeddable":true,"href":"https:\/\/reservxpert.com\/juridique\/wp-json\/wp\/v2\/comments?post=3662"}],"version-history":[{"count":1,"href":"https:\/\/reservxpert.com\/juridique\/wp-json\/wp\/v2\/pages\/3662\/revisions"}],"predecessor-version":[{"id":3785,"href":"https:\/\/reservxpert.com\/juridique\/wp-json\/wp\/v2\/pages\/3662\/revisions\/3785"}],"wp:attachment":[{"href":"https:\/\/reservxpert.com\/juridique\/wp-json\/wp\/v2\/media?parent=3662"}],"curies":[{"name":"wp","href":"https:\/\/api.w.org\/{rel}","templated":true}]}}